{"id":4146,"date":"2022-05-30T07:20:50","date_gmt":"2022-05-30T07:20:50","guid":{"rendered":"https:\/\/activeplay.ca\/politique-de-confidentialite\/"},"modified":"2023-07-26T22:26:39","modified_gmt":"2023-07-26T22:26:39","slug":"politique-de-confidentialite","status":"publish","type":"page","link":"https:\/\/activeplay.ca\/fr\/politique-de-confidentialite\/","title":{"rendered":"Politique de confidentialit\u00e9"},"content":{"rendered":"\n<p>Nous nous engageons \u00e0 prot\u00e9ger votre vie priv\u00e9e et la s\u00e9curit\u00e9 des informations que vous nous fournissez. JeuActif.ca ne vendra pas, ne louera pas et ne divulguera pas les informations de ses clients \u00e0 des tiers, \u00e0 moins que la loi ne l\u2019exige ou que vous ne donniez votre consentement \u00e0 une telle divulgation. Les autres termes de la politique de confidentialit\u00e9 de JeuActif.ca sont les suivants :<\/p>\n\n\n\n<h4 class=\"wp-block-heading\"><strong><strong>Collecte de l\u2019information<\/strong><\/strong><\/h4>\n\n\n\n<p>Lorsque vous participez \u00e0 des activit\u00e9s sur notre site web, JeuActif.ca peut vous demander de lui fournir des informations.<\/p>\n\n\n\n<p>En choisissant d\u2019entrer et de soumettre les informations demand\u00e9es, vous consentez \u00e0 ce que JeuActif.ca recueille, utilise et divulgue ces informations dans le but de vous fournir les services d\u00e9crits dans le pr\u00e9sent document.<\/p>\n\n\n\n<h4 class=\"wp-block-heading\"><strong><strong>Comment nous utilisons vos donn\u00e9es<\/strong><\/strong><\/h4>\n\n\n\n<p>Toute information recueillie sera utilis\u00e9e uniquement par JeuActif.ca pour communiquer avec vous sous la forme de bulletins d\u2019information et d\u2019avis si vous nous en donnez l\u2019autorisation. JeuActif.ca utilise les informations et\/ou les adresses \u00e9lectroniques \u00e0 des fins internes uniquement et ne vend ou ne loue pas les informations \u00e0 des tiers.<\/p>\n\n\n\n<h4 class=\"wp-block-heading\"><strong><strong>Site web<\/strong> <strong>JeuActif.ca<\/strong><\/strong><\/h4>\n\n\n\n<p>L\u2019objet de cette demande d\u2019informations est facultatif et n\u2019est requis que pour participer \u00e0 certaines activit\u00e9s. Les informations suppl\u00e9mentaires que nous pouvons vous demander de fournir lorsque vous choisissez de participer \u00e0 d\u2019autres activit\u00e9s sur notre site web peuvent inclure le nom, l\u2019adresse postale, le num\u00e9ro de t\u00e9l\u00e9phone, les num\u00e9ros de t\u00e9l\u00e9copie, l\u2019adresse \u00e9lectronique et d\u2019autres informations d\u00e9mographiques qui nous permettront de mieux comprendre nos utilisateurs et de continuer \u00e0 fournir des services am\u00e9lior\u00e9s.<\/p>\n\n\n\n<h4 class=\"wp-block-heading\"><strong><strong>S\u00e9curit\u00e9 de vos donn\u00e9es personnelles<\/strong><\/strong><\/h4>\n\n\n\n<p>JeuActif.ca prend tr\u00e8s au s\u00e9rieux la protection des informations personnelles que vous fournissez. Les donn\u00e9es internes sont partag\u00e9es par le biais de transmissions s\u00e9curis\u00e9es et conserv\u00e9es dans des bases de donn\u00e9es s\u00e9curis\u00e9es.<\/p>\n\n\n\n<p>JeuActif.ca peut faire appel \u00e0 des sous-traitants pour assurer des services ou des fonctions en son nom (comme le d\u00e9veloppement de sites web et la conception graphique). Nous ne fournirons \u00e0 ces entreprises que les informations personnelles dont elles ont besoin pour effectuer le service souhait\u00e9. Elles ne sont pas autoris\u00e9es \u00e0 utiliser les informations personnelles \u00e0 d\u2019autres fins et sont tenues de garder vos informations personnelles confidentielles.<\/p>\n\n\n\n<h4 class=\"wp-block-heading\"><strong><strong>Questions et pr\u00e9occupations relatives \u00e0 la protection de la vie priv\u00e9e et \u00e0 la modification ou \u00e0 la correction des informations<\/strong><\/strong><\/h4>\n\n\n\n<p>Vous pouvez \u00e0 tout moment consulter, modifier ou supprimer toute information personnelle, y compris les utilisations autoris\u00e9es de vos informations personnelles, en contactant JeuActif.ca \u00e0 l\u2019adresse suivante<\/p>\n\n\n\n<p>JeuActif.ca<br>1 Willow Close<br>Cochrane, AB<br>T4C 0W1<\/p>\n\n\n\n<p>Si vous avez des questions ou des pr\u00e9occupations concernant notre politique de protection de la vie priv\u00e9e ou si vous souhaitez retirer votre consentement, contactez-nous par courrier \u00e9lectronique \u00e0 l\u2019adresse suivante : <a href=\"mailto:info@activeplay.ca\">info@activeplay.ca<\/a><\/p>\n","protected":false},"excerpt":{"rendered":"<p>Nous nous engageons \u00e0 prot\u00e9ger votre vie priv\u00e9e et la s\u00e9curit\u00e9 des informations que vous nous fournissez. JeuActif.ca ne vendra pas, ne louera pas et ne divulguera pas les informations de ses clients \u00e0 des tiers, \u00e0 moins que la loi ne l\u2019exige ou que vous ne donniez votre consentement \u00e0 une telle divulgation. Les [&hellip;]<\/p>\n","protected":false},"author":1,"featured_media":0,"parent":0,"menu_order":0,"comment_status":"closed","ping_status":"open","template":"","meta":{"footnotes":""},"class_list":["post-4146","page","type-page","status-publish","hentry"],"yoast_head":"<!-- This site is optimized with the Yoast SEO plugin v27.0 - https:\/\/yoast.com\/product\/yoast-seo-wordpress\/ -->\n<title>Politique de confidentialit\u00e9 - JeuActif.ca pour les \u00e9ducateurs et \u00e9ducatrices de la petite enfance (EPE)<\/title>\n<meta name=\"robots\" content=\"index, follow, max-snippet:-1, max-image-preview:large, max-video-preview:-1\" \/>\n<link rel=\"canonical\" href=\"https:\/\/activeplay.ca\/fr\/politique-de-confidentialite\/\" \/>\n<meta property=\"og:locale\" content=\"fr_FR\" \/>\n<meta property=\"og:type\" content=\"article\" \/>\n<meta property=\"og:title\" content=\"Politique de confidentialit\u00e9 - JeuActif.ca pour les \u00e9ducateurs et \u00e9ducatrices de la petite enfance (EPE)\" \/>\n<meta property=\"og:description\" content=\"Nous nous engageons \u00e0 prot\u00e9ger votre vie priv\u00e9e et la s\u00e9curit\u00e9 des informations que vous nous fournissez. JeuActif.ca ne vendra pas, ne louera pas et ne divulguera pas les informations de ses clients \u00e0 des tiers, \u00e0 moins que la loi ne l\u2019exige ou que vous ne donniez votre consentement \u00e0 une telle divulgation. Les [&hellip;]\" \/>\n<meta property=\"og:url\" content=\"https:\/\/activeplay.ca\/fr\/politique-de-confidentialite\/\" \/>\n<meta property=\"og:site_name\" content=\"JeuActif.ca pour les \u00e9ducateurs et \u00e9ducatrices de la petite enfance (EPE)\" \/>\n<meta property=\"article:publisher\" content=\"https:\/\/www.facebook.com\/activeplay.ca\" \/>\n<meta property=\"article:modified_time\" content=\"2023-07-26T22:26:39+00:00\" \/>\n<meta name=\"twitter:card\" content=\"summary_large_image\" \/>\n<meta name=\"twitter:label1\" content=\"Dur\u00e9e de lecture estim\u00e9e\" \/>\n\t<meta name=\"twitter:data1\" content=\"2 minutes\" \/>\n<script type=\"application\/ld+json\" class=\"yoast-schema-graph\">{\"@context\":\"https:\/\/schema.org\",\"@graph\":[{\"@type\":\"WebPage\",\"@id\":\"https:\/\/activeplay.ca\/fr\/politique-de-confidentialite\/\",\"url\":\"https:\/\/activeplay.ca\/fr\/politique-de-confidentialite\/\",\"name\":\"Politique de confidentialit\u00e9 - JeuActif.ca pour les \u00e9ducateurs et \u00e9ducatrices de la petite enfance (EPE)\",\"isPartOf\":{\"@id\":\"https:\/\/activeplay.ca\/fr\/#website\"},\"datePublished\":\"2022-05-30T07:20:50+00:00\",\"dateModified\":\"2023-07-26T22:26:39+00:00\",\"breadcrumb\":{\"@id\":\"https:\/\/activeplay.ca\/fr\/politique-de-confidentialite\/#breadcrumb\"},\"inLanguage\":\"fr-FR\",\"potentialAction\":[{\"@type\":\"ReadAction\",\"target\":[\"https:\/\/activeplay.ca\/fr\/politique-de-confidentialite\/\"]}]},{\"@type\":\"BreadcrumbList\",\"@id\":\"https:\/\/activeplay.ca\/fr\/politique-de-confidentialite\/#breadcrumb\",\"itemListElement\":[{\"@type\":\"ListItem\",\"position\":1,\"name\":\"Home\",\"item\":\"https:\/\/activeplay.ca\/fr\/\"},{\"@type\":\"ListItem\",\"position\":2,\"name\":\"Politique de confidentialit\u00e9\"}]},{\"@type\":\"WebSite\",\"@id\":\"https:\/\/activeplay.ca\/fr\/#website\",\"url\":\"https:\/\/activeplay.ca\/fr\/\",\"name\":\"JeuActif.ca pour les \u00e9ducateurs et \u00e9ducatrices de la petite enfance (EPE)\",\"description\":\"Les enfants ont besoin de jeux actifs dans les premi\u00e8res ann\u00e9es\",\"publisher\":{\"@id\":\"https:\/\/activeplay.ca\/fr\/#organization\"},\"potentialAction\":[{\"@type\":\"SearchAction\",\"target\":{\"@type\":\"EntryPoint\",\"urlTemplate\":\"https:\/\/activeplay.ca\/fr\/?s={search_term_string}\"},\"query-input\":{\"@type\":\"PropertyValueSpecification\",\"valueRequired\":true,\"valueName\":\"search_term_string\"}}],\"inLanguage\":\"fr-FR\"},{\"@type\":\"Organization\",\"@id\":\"https:\/\/activeplay.ca\/fr\/#organization\",\"name\":\"JeuActif.ca pour les \u00e9ducateurs et \u00e9ducatrices de la petite enfance (EPE)\",\"url\":\"https:\/\/activeplay.ca\/fr\/\",\"logo\":{\"@type\":\"ImageObject\",\"inLanguage\":\"fr-FR\",\"@id\":\"https:\/\/activeplay.ca\/fr\/#\/schema\/logo\/image\/\",\"url\":\"https:\/\/activeplay.ca\/wp-content\/uploads\/2023\/01\/jeu-actif-ca-logo.png\",\"contentUrl\":\"https:\/\/activeplay.ca\/wp-content\/uploads\/2023\/01\/jeu-actif-ca-logo.png\",\"width\":1000,\"height\":287,\"caption\":\"JeuActif.ca pour les \u00e9ducateurs et \u00e9ducatrices de la petite enfance (EPE)\"},\"image\":{\"@id\":\"https:\/\/activeplay.ca\/fr\/#\/schema\/logo\/image\/\"},\"sameAs\":[\"https:\/\/www.facebook.com\/activeplay.ca\",\"https:\/\/www.instagram.com\/activeplay.ca\/\"]}]}<\/script>\n<!-- \/ Yoast SEO plugin. -->","yoast_head_json":{"title":"Politique de confidentialit\u00e9 - JeuActif.ca pour les \u00e9ducateurs et \u00e9ducatrices de la petite enfance (EPE)","robots":{"index":"index","follow":"follow","max-snippet":"max-snippet:-1","max-image-preview":"max-image-preview:large","max-video-preview":"max-video-preview:-1"},"canonical":"https:\/\/activeplay.ca\/fr\/politique-de-confidentialite\/","og_locale":"fr_FR","og_type":"article","og_title":"Politique de confidentialit\u00e9 - JeuActif.ca pour les \u00e9ducateurs et \u00e9ducatrices de la petite enfance (EPE)","og_description":"Nous nous engageons \u00e0 prot\u00e9ger votre vie priv\u00e9e et la s\u00e9curit\u00e9 des informations que vous nous fournissez. JeuActif.ca ne vendra pas, ne louera pas et ne divulguera pas les informations de ses clients \u00e0 des tiers, \u00e0 moins que la loi ne l\u2019exige ou que vous ne donniez votre consentement \u00e0 une telle divulgation. Les [&hellip;]","og_url":"https:\/\/activeplay.ca\/fr\/politique-de-confidentialite\/","og_site_name":"JeuActif.ca pour les \u00e9ducateurs et \u00e9ducatrices de la petite enfance (EPE)","article_publisher":"https:\/\/www.facebook.com\/activeplay.ca","article_modified_time":"2023-07-26T22:26:39+00:00","twitter_card":"summary_large_image","twitter_misc":{"Dur\u00e9e de lecture estim\u00e9e":"2 minutes"},"schema":{"@context":"https:\/\/schema.org","@graph":[{"@type":"WebPage","@id":"https:\/\/activeplay.ca\/fr\/politique-de-confidentialite\/","url":"https:\/\/activeplay.ca\/fr\/politique-de-confidentialite\/","name":"Politique de confidentialit\u00e9 - JeuActif.ca pour les \u00e9ducateurs et \u00e9ducatrices de la petite enfance (EPE)","isPartOf":{"@id":"https:\/\/activeplay.ca\/fr\/#website"},"datePublished":"2022-05-30T07:20:50+00:00","dateModified":"2023-07-26T22:26:39+00:00","breadcrumb":{"@id":"https:\/\/activeplay.ca\/fr\/politique-de-confidentialite\/#breadcrumb"},"inLanguage":"fr-FR","potentialAction":[{"@type":"ReadAction","target":["https:\/\/activeplay.ca\/fr\/politique-de-confidentialite\/"]}]},{"@type":"BreadcrumbList","@id":"https:\/\/activeplay.ca\/fr\/politique-de-confidentialite\/#breadcrumb","itemListElement":[{"@type":"ListItem","position":1,"name":"Home","item":"https:\/\/activeplay.ca\/fr\/"},{"@type":"ListItem","position":2,"name":"Politique de confidentialit\u00e9"}]},{"@type":"WebSite","@id":"https:\/\/activeplay.ca\/fr\/#website","url":"https:\/\/activeplay.ca\/fr\/","name":"JeuActif.ca pour les \u00e9ducateurs et \u00e9ducatrices de la petite enfance (EPE)","description":"Les enfants ont besoin de jeux actifs dans les premi\u00e8res ann\u00e9es","publisher":{"@id":"https:\/\/activeplay.ca\/fr\/#organization"},"potentialAction":[{"@type":"SearchAction","target":{"@type":"EntryPoint","urlTemplate":"https:\/\/activeplay.ca\/fr\/?s={search_term_string}"},"query-input":{"@type":"PropertyValueSpecification","valueRequired":true,"valueName":"search_term_string"}}],"inLanguage":"fr-FR"},{"@type":"Organization","@id":"https:\/\/activeplay.ca\/fr\/#organization","name":"JeuActif.ca pour les \u00e9ducateurs et \u00e9ducatrices de la petite enfance (EPE)","url":"https:\/\/activeplay.ca\/fr\/","logo":{"@type":"ImageObject","inLanguage":"fr-FR","@id":"https:\/\/activeplay.ca\/fr\/#\/schema\/logo\/image\/","url":"https:\/\/activeplay.ca\/wp-content\/uploads\/2023\/01\/jeu-actif-ca-logo.png","contentUrl":"https:\/\/activeplay.ca\/wp-content\/uploads\/2023\/01\/jeu-actif-ca-logo.png","width":1000,"height":287,"caption":"JeuActif.ca pour les \u00e9ducateurs et \u00e9ducatrices de la petite enfance (EPE)"},"image":{"@id":"https:\/\/activeplay.ca\/fr\/#\/schema\/logo\/image\/"},"sameAs":["https:\/\/www.facebook.com\/activeplay.ca","https:\/\/www.instagram.com\/activeplay.ca\/"]}]}},"_links":{"self":[{"href":"https:\/\/activeplay.ca\/fr\/wp-json\/wp\/v2\/pages\/4146","targetHints":{"allow":["GET"]}}],"collection":[{"href":"https:\/\/activeplay.ca\/fr\/wp-json\/wp\/v2\/pages"}],"about":[{"href":"https:\/\/activeplay.ca\/fr\/wp-json\/wp\/v2\/types\/page"}],"author":[{"embeddable":true,"href":"https:\/\/activeplay.ca\/fr\/wp-json\/wp\/v2\/users\/1"}],"replies":[{"embeddable":true,"href":"https:\/\/activeplay.ca\/fr\/wp-json\/wp\/v2\/comments?post=4146"}],"version-history":[{"count":2,"href":"https:\/\/activeplay.ca\/fr\/wp-json\/wp\/v2\/pages\/4146\/revisions"}],"predecessor-version":[{"id":7184,"href":"https:\/\/activeplay.ca\/fr\/wp-json\/wp\/v2\/pages\/4146\/revisions\/7184"}],"wp:attachment":[{"href":"https:\/\/activeplay.ca\/fr\/wp-json\/wp\/v2\/media?parent=4146"}],"curies":[{"name":"wp","href":"https:\/\/api.w.org\/{rel}","templated":true}]}}