{"id":4143,"date":"2023-01-25T20:25:28","date_gmt":"2023-01-25T20:25:28","guid":{"rendered":"https:\/\/activeplay.ca\/a-propos\/"},"modified":"2024-01-11T19:30:37","modified_gmt":"2024-01-11T19:30:37","slug":"a-propos","status":"publish","type":"page","link":"https:\/\/activeplay.ca\/fr\/a-propos\/","title":{"rendered":"\u00c0 propos"},"content":{"rendered":"\t\t<div data-elementor-type=\"wp-page\" data-elementor-id=\"4143\" class=\"elementor elementor-4143 elementor-3898\" data-elementor-post-type=\"page\">\n\t\t\t\t\t\t<section class=\"elementor-section elementor-top-section elementor-element elementor-element-4e10a50 elementor-section-boxed elementor-section-height-default elementor-section-height-default\" data-id=\"4e10a50\" data-element_type=\"section\" data-e-type=\"section\">\n\t\t\t\t\t\t<div class=\"elementor-container elementor-column-gap-default\">\n\t\t\t\t\t<div class=\"elementor-column elementor-col-100 elementor-top-column elementor-element elementor-element-d55f51d\" data-id=\"d55f51d\" data-element_type=\"column\" data-e-type=\"column\">\n\t\t\t<div class=\"elementor-widget-wrap elementor-element-populated\">\n\t\t\t\t\t\t<div class=\"elementor-element elementor-element-49ea8f7 elementor-widget elementor-widget-heading\" data-id=\"49ea8f7\" data-element_type=\"widget\" data-e-type=\"widget\" data-widget_type=\"heading.default\">\n\t\t\t\t<div class=\"elementor-widget-container\">\n\t\t\t\t\t<h2 class=\"elementor-heading-title elementor-size-default\">\u00c0 propos<\/h2>\t\t\t\t<\/div>\n\t\t\t\t<\/div>\n\t\t\t\t<div class=\"elementor-element elementor-element-82380fa elementor-widget elementor-widget-text-editor\" data-id=\"82380fa\" data-element_type=\"widget\" data-e-type=\"widget\" data-widget_type=\"text-editor.default\">\n\t\t\t\t<div class=\"elementor-widget-container\">\n\t\t\t\t\t\t\t\t\t<p><i>Actif pour la vie<\/i> (Active for Life) est une initiative sociale canadienne \u00e0 but non lucratif qui aide les parents et les \u00e9ducateurs \u00e0 donner aux enfants un bon d\u00e9part dans la vie en d\u00e9veloppant leur litt\u00e9ratie physique. \u00c0 cette fin, <i>Actif pour la vie<\/i> a cr\u00e9\u00e9 <i>Jeu actif<\/i> pour aider les \u00e9ducateurs de la petite enfance (EPE) \u00e0 faire participer les enfants \u00e0 des jeux physiquement actifs au quotidien. Gr\u00e2ce \u00e0 de courtes vid\u00e9os d\u2019information, <i>Jeu actif<\/i> est con\u00e7u pour montrer comment mettre en place et g\u00e9rer une vari\u00e9t\u00e9 d\u2019activit\u00e9s physiques et d\u2019environnements attrayants qui favorisent le mouvement dans les premi\u00e8res ann\u00e9es de la vie.<\/p>\t\t\t\t\t\t\t\t<\/div>\n\t\t\t\t<\/div>\n\t\t\t\t<div class=\"elementor-element elementor-element-78b259d elementor-widget elementor-widget-heading\" data-id=\"78b259d\" data-element_type=\"widget\" data-e-type=\"widget\" data-widget_type=\"heading.default\">\n\t\t\t\t<div class=\"elementor-widget-container\">\n\t\t\t\t\t<h2 class=\"elementor-heading-title elementor-size-default\">Nous joindre<\/h2>\t\t\t\t<\/div>\n\t\t\t\t<\/div>\n\t\t\t\t<div class=\"elementor-element elementor-element-2de92a6 elementor-widget elementor-widget-text-editor\" data-id=\"2de92a6\" data-element_type=\"widget\" data-e-type=\"widget\" data-widget_type=\"text-editor.default\">\n\t\t\t\t<div class=\"elementor-widget-container\">\n\t\t\t\t\t\t\t\t\tEnvoyez-nous un courriel \u00e0 <a href=\"mailto:info@activeplay.ca\">info@activeplay.ca<\/a> ou remplissez le formulaire ci-dessous :\t\t\t\t\t\t\t\t<\/div>\n\t\t\t\t<\/div>\n\t\t\t\t<div class=\"elementor-element elementor-element-b6d3ea1 elementor-button-align-stretch elementor-widget elementor-widget-form\" data-id=\"b6d3ea1\" data-element_type=\"widget\" data-e-type=\"widget\" data-settings=\"{&quot;step_next_label&quot;:&quot;Next&quot;,&quot;step_previous_label&quot;:&quot;Previous&quot;,&quot;button_width&quot;:&quot;100&quot;,&quot;step_type&quot;:&quot;number_text&quot;,&quot;step_icon_shape&quot;:&quot;circle&quot;}\" data-widget_type=\"form.default\">\n\t\t\t\t<div class=\"elementor-widget-container\">\n\t\t\t\t\t\t\t<form class=\"elementor-form\" method=\"post\" name=\"New Form\" aria-label=\"New Form\">\n\t\t\t<input type=\"hidden\" name=\"post_id\" value=\"4143\"\/>\n\t\t\t<input type=\"hidden\" name=\"form_id\" value=\"b6d3ea1\"\/>\n\t\t\t<input type=\"hidden\" name=\"referer_title\" value=\"\u00c0 propos - JeuActif.ca pour les \u00e9ducateurs et \u00e9ducatrices de la petite enfance (EPE)\" \/>\n\n\t\t\t\t\t\t\t<input type=\"hidden\" name=\"queried_id\" value=\"4143\"\/>\n\t\t\t\n\t\t\t<div class=\"elementor-form-fields-wrapper elementor-labels-\">\n\t\t\t\t\t\t\t\t<div class=\"elementor-field-type-text elementor-field-group elementor-column elementor-field-group-name elementor-col-100\">\n\t\t\t\t\t\t\t\t\t\t\t\t<label for=\"form-field-name\" class=\"elementor-field-label elementor-screen-only\">\n\t\t\t\t\t\t\t\tVotre nom\t\t\t\t\t\t\t<\/label>\n\t\t\t\t\t\t\t\t\t\t\t\t\t\t<input size=\"1\" type=\"text\" name=\"form_fields[name]\" id=\"form-field-name\" class=\"elementor-field elementor-size-sm  elementor-field-textual\" placeholder=\"Votre nom\">\n\t\t\t\t\t\t\t\t\t\t\t<\/div>\n\t\t\t\t\t\t\t\t<div class=\"elementor-field-type-email elementor-field-group elementor-column elementor-field-group-email elementor-col-100 elementor-field-required\">\n\t\t\t\t\t\t\t\t\t\t\t\t<label for=\"form-field-email\" class=\"elementor-field-label elementor-screen-only\">\n\t\t\t\t\t\t\t\tVotre courriel\t\t\t\t\t\t\t<\/label>\n\t\t\t\t\t\t\t\t\t\t\t\t\t\t<input size=\"1\" type=\"email\" name=\"form_fields[email]\" id=\"form-field-email\" class=\"elementor-field elementor-size-sm  elementor-field-textual\" placeholder=\"Votre courriel\" required=\"required\">\n\t\t\t\t\t\t\t\t\t\t\t<\/div>\n\t\t\t\t\t\t\t\t<div class=\"elementor-field-type-textarea elementor-field-group elementor-column elementor-field-group-message elementor-col-100 elementor-field-required\">\n\t\t\t\t\t\t\t\t\t\t\t\t<label for=\"form-field-message\" class=\"elementor-field-label elementor-screen-only\">\n\t\t\t\t\t\t\t\tVotre message\t\t\t\t\t\t\t<\/label>\n\t\t\t\t\t\t<textarea class=\"elementor-field-textual elementor-field  elementor-size-sm\" name=\"form_fields[message]\" id=\"form-field-message\" rows=\"4\" placeholder=\"Votre message\" required=\"required\"><\/textarea>\t\t\t\t<\/div>\n\t\t\t\t\t\t\t\t<div class=\"elementor-field-type-recaptcha_v3 elementor-field-group elementor-column elementor-field-group-field_73d3655 elementor-col-100 recaptcha_v3-inline\">\n\t\t\t\t\t<div class=\"elementor-field\" id=\"form-field-field_73d3655\"><div class=\"elementor-g-recaptcha\" data-sitekey=\"6LeUicQnAAAAAO60zSCGiqO9yBvXuCUA9sw0GQo2\" data-type=\"v3\" data-action=\"Form\" data-badge=\"inline\" data-size=\"invisible\"><\/div><\/div>\t\t\t\t<\/div>\n\t\t\t\t\t\t\t\t<div class=\"elementor-field-group elementor-column elementor-field-type-submit elementor-col-100 e-form__buttons\">\n\t\t\t\t\t<button class=\"elementor-button elementor-size-sm\" type=\"submit\">\n\t\t\t\t\t\t<span class=\"elementor-button-content-wrapper\">\n\t\t\t\t\t\t\t\t\t\t\t\t\t\t\t\t\t\t\t\t\t\t<span class=\"elementor-button-text\">Envoyer<\/span>\n\t\t\t\t\t\t\t\t\t\t\t\t\t<\/span>\n\t\t\t\t\t<\/button>\n\t\t\t\t<\/div>\n\t\t\t<\/div>\n\t\t<\/form>\n\t\t\t\t\t\t<\/div>\n\t\t\t\t<\/div>\n\t\t\t\t<div class=\"elementor-element elementor-element-2383b78 elementor-widget elementor-widget-heading\" data-id=\"2383b78\" data-element_type=\"widget\" data-e-type=\"widget\" data-widget_type=\"heading.default\">\n\t\t\t\t<div class=\"elementor-widget-container\">\n\t\t\t\t\t<h2 class=\"elementor-heading-title elementor-size-default\">Remerciements<\/h2>\t\t\t\t<\/div>\n\t\t\t\t<\/div>\n\t\t\t\t<div class=\"elementor-element elementor-element-a736811 elementor-widget elementor-widget-text-editor\" data-id=\"a736811\" data-element_type=\"widget\" data-e-type=\"widget\" data-widget_type=\"text-editor.default\">\n\t\t\t\t<div class=\"elementor-widget-container\">\n\t\t\t\t\t\t\t\t\t<p>Actif pour la vie, remercie les centres de la petite enfance et les \u00e9tablissements d\u2019enseignement suivants pour leur aide dans la production des vid\u00e9os d\u2019activit\u00e9s du <i>Jeu actif,<\/i> y compris l\u2019acc\u00e8s au tournage pendant leurs programmes, l\u2019obtention des consentements des participants et le partage de leur engagement total \u00e0 l\u2019\u00e9gard du jeu actif pendant la petite enfance.<\/p><p>Centre ON y va Pain Court, Pain Court, ON<\/p><p>EarlyON Dixie Bloor Neighbourhood Centre, Mississauga, ON<\/p><p>EarlyON Forest Program, Wheatley, ON<\/p><p>ELCC Program, Aurora College, Yellowknife, NT<\/p><p>Growing Together Family Resource Centre, Chatham, ON<\/p><p>Mildred Hall School, Yellowknife, NT<\/p><p>Revelstoke Child Care Society: Stepping Stones and Corner Stones, Revelstoke, BC<\/p><p>Windermere Early Learning Centre, Edmonton, AB<\/p><p>Yellowknife Playschool Society, Yellowknife, NT<\/p>\t\t\t\t\t\t\t\t<\/div>\n\t\t\t\t<\/div>\n\t\t\t\t<div class=\"elementor-element elementor-element-76d5a88 elementor-widget elementor-widget-heading\" data-id=\"76d5a88\" data-element_type=\"widget\" data-e-type=\"widget\" data-widget_type=\"heading.default\">\n\t\t\t\t<div class=\"elementor-widget-container\">\n\t\t\t\t\t<h2 class=\"elementor-heading-title elementor-size-default\">Vid\u00e9o sur la plus-value du jeu actif<\/h2>\t\t\t\t<\/div>\n\t\t\t\t<\/div>\n\t\t\t\t<div class=\"elementor-element elementor-element-0e09865 elementor-widget elementor-widget-text-editor\" data-id=\"0e09865\" data-element_type=\"widget\" data-e-type=\"widget\" data-widget_type=\"text-editor.default\">\n\t\t\t\t<div class=\"elementor-widget-container\">\n\t\t\t\t\t\t\t\t\t<p><strong>Statistiques provenant de :<br \/><\/strong>Clark, D., Paxton, B., Hodder, K., &amp; Kim, M. (2021). <em>Supporting Young Children Post-Pandemic: Benefits of Daily Physical Literacy in Canadian Child Care.<\/em> International Journal of Social Policy and Education. Vol. 3, No. 9; September, 2021.<strong><br \/><\/strong><\/p>\t\t\t\t\t\t\t\t<\/div>\n\t\t\t\t<\/div>\n\t\t\t\t\t<\/div>\n\t\t<\/div>\n\t\t\t\t\t<\/div>\n\t\t<\/section>\n\t\t\t\t<\/div>\n\t\t","protected":false},"excerpt":{"rendered":"<p>\u00c0 propos Actif pour la vie (Active for Life) est une initiative sociale canadienne \u00e0 but non lucratif qui aide les parents et les \u00e9ducateurs \u00e0 donner aux enfants un bon d\u00e9part dans la vie en d\u00e9veloppant leur litt\u00e9ratie physique. \u00c0 cette fin, Actif pour la vie a cr\u00e9\u00e9 Jeu actif pour aider les \u00e9ducateurs [&hellip;]<\/p>\n","protected":false},"author":1,"featured_media":0,"parent":0,"menu_order":0,"comment_status":"closed","ping_status":"closed","template":"","meta":{"footnotes":""},"class_list":["post-4143","page","type-page","status-publish","hentry"],"yoast_head":"<!-- This site is optimized with the Yoast SEO plugin v27.4 - https:\/\/yoast.com\/product\/yoast-seo-wordpress\/ -->\n<title>\u00c0 propos - JeuActif.ca pour les \u00e9ducateurs et \u00e9ducatrices de la petite enfance (EPE)<\/title>\n<meta name=\"description\" content=\"Actif pour la vie a cr\u00e9\u00e9 le site Jeu actif pour aider les \u00e9ducateurs et \u00e9ducatrices de la petite enfance (EPE) \u00e0 faire participer les enfants \u00e0 des jeux actifs tous les jours.\" \/>\n<meta name=\"robots\" content=\"index, follow, max-snippet:-1, max-image-preview:large, max-video-preview:-1\" \/>\n<link rel=\"canonical\" href=\"https:\/\/activeplay.ca\/fr\/a-propos\/\" \/>\n<meta property=\"og:locale\" content=\"fr_FR\" \/>\n<meta property=\"og:type\" content=\"article\" \/>\n<meta property=\"og:title\" content=\"\u00c0 propos - JeuActif.ca pour les \u00e9ducateurs et \u00e9ducatrices de la petite enfance (EPE)\" \/>\n<meta property=\"og:description\" content=\"Actif pour la vie a cr\u00e9\u00e9 le site Jeu actif pour aider les \u00e9ducateurs et \u00e9ducatrices de la petite enfance (EPE) \u00e0 faire participer les enfants \u00e0 des jeux actifs tous les jours.\" \/>\n<meta property=\"og:url\" content=\"https:\/\/activeplay.ca\/fr\/a-propos\/\" \/>\n<meta property=\"og:site_name\" content=\"JeuActif.ca pour les \u00e9ducateurs et \u00e9ducatrices de la petite enfance (EPE)\" \/>\n<meta property=\"article:publisher\" content=\"https:\/\/www.facebook.com\/activeplay.ca\" \/>\n<meta property=\"article:modified_time\" content=\"2024-01-11T19:30:37+00:00\" \/>\n<meta property=\"og:image\" content=\"https:\/\/activeplay.ca\/wp-content\/uploads\/2023\/09\/Untitled-design.png\" \/>\n\t<meta property=\"og:image:width\" content=\"1200\" \/>\n\t<meta property=\"og:image:height\" content=\"630\" \/>\n\t<meta property=\"og:image:type\" content=\"image\/png\" \/>\n<meta name=\"twitter:card\" content=\"summary_large_image\" \/>\n<meta name=\"twitter:title\" content=\"\u00c0 propos - JeuActif.ca pour les \u00e9ducateurs et \u00e9ducatrices de la petite enfance (EPE)\" \/>\n<meta name=\"twitter:image\" content=\"https:\/\/activeplay.ca\/wp-content\/uploads\/2023\/09\/Untitled-design.png\" \/>\n<meta name=\"twitter:label1\" content=\"Dur\u00e9e de lecture estim\u00e9e\" \/>\n\t<meta name=\"twitter:data1\" content=\"2 minutes\" \/>\n<script type=\"application\/ld+json\" class=\"yoast-schema-graph\">{\"@context\":\"https:\\\/\\\/schema.org\",\"@graph\":[{\"@type\":[\"WebPage\",\"AboutPage\"],\"@id\":\"https:\\\/\\\/activeplay.ca\\\/fr\\\/a-propos\\\/\",\"url\":\"https:\\\/\\\/activeplay.ca\\\/fr\\\/a-propos\\\/\",\"name\":\"\u00c0 propos - JeuActif.ca pour les \u00e9ducateurs et \u00e9ducatrices de la petite enfance (EPE)\",\"isPartOf\":{\"@id\":\"https:\\\/\\\/activeplay.ca\\\/fr\\\/#website\"},\"datePublished\":\"2023-01-25T20:25:28+00:00\",\"dateModified\":\"2024-01-11T19:30:37+00:00\",\"description\":\"Actif pour la vie a cr\u00e9\u00e9 le site Jeu actif pour aider les \u00e9ducateurs et \u00e9ducatrices de la petite enfance (EPE) \u00e0 faire participer les enfants \u00e0 des jeux actifs tous les jours.\",\"breadcrumb\":{\"@id\":\"https:\\\/\\\/activeplay.ca\\\/fr\\\/a-propos\\\/#breadcrumb\"},\"inLanguage\":\"fr-FR\",\"potentialAction\":[{\"@type\":\"ReadAction\",\"target\":[\"https:\\\/\\\/activeplay.ca\\\/fr\\\/a-propos\\\/\"]}]},{\"@type\":\"BreadcrumbList\",\"@id\":\"https:\\\/\\\/activeplay.ca\\\/fr\\\/a-propos\\\/#breadcrumb\",\"itemListElement\":[{\"@type\":\"ListItem\",\"position\":1,\"name\":\"Home\",\"item\":\"https:\\\/\\\/activeplay.ca\\\/fr\\\/\"},{\"@type\":\"ListItem\",\"position\":2,\"name\":\"\u00c0 propos\"}]},{\"@type\":\"WebSite\",\"@id\":\"https:\\\/\\\/activeplay.ca\\\/fr\\\/#website\",\"url\":\"https:\\\/\\\/activeplay.ca\\\/fr\\\/\",\"name\":\"JeuActif.ca pour les \u00e9ducateurs et \u00e9ducatrices de la petite enfance (EPE)\",\"description\":\"Les enfants ont besoin de jeux actifs dans les premi\u00e8res ann\u00e9es\",\"publisher\":{\"@id\":\"https:\\\/\\\/activeplay.ca\\\/fr\\\/#organization\"},\"potentialAction\":[{\"@type\":\"SearchAction\",\"target\":{\"@type\":\"EntryPoint\",\"urlTemplate\":\"https:\\\/\\\/activeplay.ca\\\/fr\\\/?s={search_term_string}\"},\"query-input\":{\"@type\":\"PropertyValueSpecification\",\"valueRequired\":true,\"valueName\":\"search_term_string\"}}],\"inLanguage\":\"fr-FR\"},{\"@type\":\"Organization\",\"@id\":\"https:\\\/\\\/activeplay.ca\\\/fr\\\/#organization\",\"name\":\"JeuActif.ca pour les \u00e9ducateurs et \u00e9ducatrices de la petite enfance (EPE)\",\"url\":\"https:\\\/\\\/activeplay.ca\\\/fr\\\/\",\"logo\":{\"@type\":\"ImageObject\",\"inLanguage\":\"fr-FR\",\"@id\":\"https:\\\/\\\/activeplay.ca\\\/fr\\\/#\\\/schema\\\/logo\\\/image\\\/\",\"url\":\"https:\\\/\\\/activeplay.ca\\\/wp-content\\\/uploads\\\/2023\\\/01\\\/jeu-actif-ca-logo.png\",\"contentUrl\":\"https:\\\/\\\/activeplay.ca\\\/wp-content\\\/uploads\\\/2023\\\/01\\\/jeu-actif-ca-logo.png\",\"width\":1000,\"height\":287,\"caption\":\"JeuActif.ca pour les \u00e9ducateurs et \u00e9ducatrices de la petite enfance (EPE)\"},\"image\":{\"@id\":\"https:\\\/\\\/activeplay.ca\\\/fr\\\/#\\\/schema\\\/logo\\\/image\\\/\"},\"sameAs\":[\"https:\\\/\\\/www.facebook.com\\\/activeplay.ca\",\"https:\\\/\\\/www.instagram.com\\\/activeplay.ca\\\/\"]}]}<\/script>\n<!-- \/ Yoast SEO plugin. -->","yoast_head_json":{"title":"\u00c0 propos - JeuActif.ca pour les \u00e9ducateurs et \u00e9ducatrices de la petite enfance (EPE)","description":"Actif pour la vie a cr\u00e9\u00e9 le site Jeu actif pour aider les \u00e9ducateurs et \u00e9ducatrices de la petite enfance (EPE) \u00e0 faire participer les enfants \u00e0 des jeux actifs tous les jours.","robots":{"index":"index","follow":"follow","max-snippet":"max-snippet:-1","max-image-preview":"max-image-preview:large","max-video-preview":"max-video-preview:-1"},"canonical":"https:\/\/activeplay.ca\/fr\/a-propos\/","og_locale":"fr_FR","og_type":"article","og_title":"\u00c0 propos - JeuActif.ca pour les \u00e9ducateurs et \u00e9ducatrices de la petite enfance (EPE)","og_description":"Actif pour la vie a cr\u00e9\u00e9 le site Jeu actif pour aider les \u00e9ducateurs et \u00e9ducatrices de la petite enfance (EPE) \u00e0 faire participer les enfants \u00e0 des jeux actifs tous les jours.","og_url":"https:\/\/activeplay.ca\/fr\/a-propos\/","og_site_name":"JeuActif.ca pour les \u00e9ducateurs et \u00e9ducatrices de la petite enfance (EPE)","article_publisher":"https:\/\/www.facebook.com\/activeplay.ca","article_modified_time":"2024-01-11T19:30:37+00:00","og_image":[{"width":1200,"height":630,"url":"https:\/\/activeplay.ca\/wp-content\/uploads\/2023\/09\/Untitled-design.png","type":"image\/png"}],"twitter_card":"summary_large_image","twitter_title":"\u00c0 propos - JeuActif.ca pour les \u00e9ducateurs et \u00e9ducatrices de la petite enfance (EPE)","twitter_image":"https:\/\/activeplay.ca\/wp-content\/uploads\/2023\/09\/Untitled-design.png","twitter_misc":{"Dur\u00e9e de lecture estim\u00e9e":"2 minutes"},"schema":{"@context":"https:\/\/schema.org","@graph":[{"@type":["WebPage","AboutPage"],"@id":"https:\/\/activeplay.ca\/fr\/a-propos\/","url":"https:\/\/activeplay.ca\/fr\/a-propos\/","name":"\u00c0 propos - JeuActif.ca pour les \u00e9ducateurs et \u00e9ducatrices de la petite enfance (EPE)","isPartOf":{"@id":"https:\/\/activeplay.ca\/fr\/#website"},"datePublished":"2023-01-25T20:25:28+00:00","dateModified":"2024-01-11T19:30:37+00:00","description":"Actif pour la vie a cr\u00e9\u00e9 le site Jeu actif pour aider les \u00e9ducateurs et \u00e9ducatrices de la petite enfance (EPE) \u00e0 faire participer les enfants \u00e0 des jeux actifs tous les jours.","breadcrumb":{"@id":"https:\/\/activeplay.ca\/fr\/a-propos\/#breadcrumb"},"inLanguage":"fr-FR","potentialAction":[{"@type":"ReadAction","target":["https:\/\/activeplay.ca\/fr\/a-propos\/"]}]},{"@type":"BreadcrumbList","@id":"https:\/\/activeplay.ca\/fr\/a-propos\/#breadcrumb","itemListElement":[{"@type":"ListItem","position":1,"name":"Home","item":"https:\/\/activeplay.ca\/fr\/"},{"@type":"ListItem","position":2,"name":"\u00c0 propos"}]},{"@type":"WebSite","@id":"https:\/\/activeplay.ca\/fr\/#website","url":"https:\/\/activeplay.ca\/fr\/","name":"JeuActif.ca pour les \u00e9ducateurs et \u00e9ducatrices de la petite enfance (EPE)","description":"Les enfants ont besoin de jeux actifs dans les premi\u00e8res ann\u00e9es","publisher":{"@id":"https:\/\/activeplay.ca\/fr\/#organization"},"potentialAction":[{"@type":"SearchAction","target":{"@type":"EntryPoint","urlTemplate":"https:\/\/activeplay.ca\/fr\/?s={search_term_string}"},"query-input":{"@type":"PropertyValueSpecification","valueRequired":true,"valueName":"search_term_string"}}],"inLanguage":"fr-FR"},{"@type":"Organization","@id":"https:\/\/activeplay.ca\/fr\/#organization","name":"JeuActif.ca pour les \u00e9ducateurs et \u00e9ducatrices de la petite enfance (EPE)","url":"https:\/\/activeplay.ca\/fr\/","logo":{"@type":"ImageObject","inLanguage":"fr-FR","@id":"https:\/\/activeplay.ca\/fr\/#\/schema\/logo\/image\/","url":"https:\/\/activeplay.ca\/wp-content\/uploads\/2023\/01\/jeu-actif-ca-logo.png","contentUrl":"https:\/\/activeplay.ca\/wp-content\/uploads\/2023\/01\/jeu-actif-ca-logo.png","width":1000,"height":287,"caption":"JeuActif.ca pour les \u00e9ducateurs et \u00e9ducatrices de la petite enfance (EPE)"},"image":{"@id":"https:\/\/activeplay.ca\/fr\/#\/schema\/logo\/image\/"},"sameAs":["https:\/\/www.facebook.com\/activeplay.ca","https:\/\/www.instagram.com\/activeplay.ca\/"]}]}},"_links":{"self":[{"href":"https:\/\/activeplay.ca\/fr\/wp-json\/wp\/v2\/pages\/4143","targetHints":{"allow":["GET"]}}],"collection":[{"href":"https:\/\/activeplay.ca\/fr\/wp-json\/wp\/v2\/pages"}],"about":[{"href":"https:\/\/activeplay.ca\/fr\/wp-json\/wp\/v2\/types\/page"}],"author":[{"embeddable":true,"href":"https:\/\/activeplay.ca\/fr\/wp-json\/wp\/v2\/users\/1"}],"replies":[{"embeddable":true,"href":"https:\/\/activeplay.ca\/fr\/wp-json\/wp\/v2\/comments?post=4143"}],"version-history":[{"count":5,"href":"https:\/\/activeplay.ca\/fr\/wp-json\/wp\/v2\/pages\/4143\/revisions"}],"predecessor-version":[{"id":8654,"href":"https:\/\/activeplay.ca\/fr\/wp-json\/wp\/v2\/pages\/4143\/revisions\/8654"}],"wp:attachment":[{"href":"https:\/\/activeplay.ca\/fr\/wp-json\/wp\/v2\/media?parent=4143"}],"curies":[{"name":"wp","href":"https:\/\/api.w.org\/{rel}","templated":true}]}}