{"id":3957,"date":"2022-11-09T20:35:21","date_gmt":"2022-11-09T20:35:21","guid":{"rendered":"https:\/\/activeplay.ca\/affiches\/"},"modified":"2024-03-30T02:03:45","modified_gmt":"2024-03-30T02:03:45","slug":"affiches","status":"publish","type":"page","link":"https:\/\/activeplay.ca\/fr\/affiches\/","title":{"rendered":"Affiches"},"content":{"rendered":"\t\t<div data-elementor-type=\"wp-page\" data-elementor-id=\"3957\" class=\"elementor elementor-3957 elementor-2408\" data-elementor-post-type=\"page\">\n\t\t\t\t\t\t<section class=\"elementor-section elementor-top-section elementor-element elementor-element-785d4e35 elementor-section-height-min-height elementor-section-stretched cover elementor-section-items-top elementor-section-boxed elementor-section-height-default\" data-id=\"785d4e35\" data-element_type=\"section\" data-e-type=\"section\" data-settings=\"{&quot;background_background&quot;:&quot;gradient&quot;,&quot;shape_divider_bottom&quot;:&quot;mountains&quot;,&quot;stretch_section&quot;:&quot;section-stretched&quot;}\">\n\t\t\t\t\t<div class=\"elementor-shape elementor-shape-bottom\" aria-hidden=\"true\" data-negative=\"false\">\n\t\t\t<svg xmlns=\"http:\/\/www.w3.org\/2000\/svg\" viewBox=\"0 0 1000 100\" preserveAspectRatio=\"none\">\n\t<path class=\"elementor-shape-fill\" opacity=\"0.33\" d=\"M473,67.3c-203.9,88.3-263.1-34-320.3,0C66,119.1,0,59.7,0,59.7V0h1000v59.7 c0,0-62.1,26.1-94.9,29.3c-32.8,3.3-62.8-12.3-75.8-22.1C806,49.6,745.3,8.7,694.9,4.7S492.4,59,473,67.3z\"\/>\n\t<path class=\"elementor-shape-fill\" opacity=\"0.66\" d=\"M734,67.3c-45.5,0-77.2-23.2-129.1-39.1c-28.6-8.7-150.3-10.1-254,39.1 s-91.7-34.4-149.2,0C115.7,118.3,0,39.8,0,39.8V0h1000v36.5c0,0-28.2-18.5-92.1-18.5C810.2,18.1,775.7,67.3,734,67.3z\"\/>\n\t<path class=\"elementor-shape-fill\" d=\"M766.1,28.9c-200-57.5-266,65.5-395.1,19.5C242,1.8,242,5.4,184.8,20.6C128,35.8,132.3,44.9,89.9,52.5C28.6,63.7,0,0,0,0 h1000c0,0-9.9,40.9-83.6,48.1S829.6,47,766.1,28.9z\"\/>\n<\/svg>\t\t<\/div>\n\t\t\t\t\t<div class=\"elementor-container elementor-column-gap-default\">\n\t\t\t\t\t<div class=\"elementor-column elementor-col-100 elementor-top-column elementor-element elementor-element-c55b827\" data-id=\"c55b827\" data-element_type=\"column\" data-e-type=\"column\">\n\t\t\t<div class=\"elementor-widget-wrap elementor-element-populated\">\n\t\t\t\t\t\t<div class=\"elementor-element elementor-element-140d3c5d elementor-headline--style-highlight elementor-widget elementor-widget-animated-headline\" data-id=\"140d3c5d\" data-element_type=\"widget\" data-e-type=\"widget\" data-settings=\"{&quot;highlighted_text&quot;:&quot;la langue&quot;,&quot;headline_style&quot;:&quot;highlight&quot;,&quot;marker&quot;:&quot;circle&quot;,&quot;loop&quot;:&quot;yes&quot;,&quot;highlight_animation_duration&quot;:1200,&quot;highlight_iteration_delay&quot;:8000}\" data-widget_type=\"animated-headline.default\">\n\t\t\t\t<div class=\"elementor-widget-container\">\n\t\t\t\t\t\t\t<h3 class=\"elementor-headline\">\n\t\t\t\t\t<span class=\"elementor-headline-plain-text elementor-headline-text-wrapper\">Choisissez<\/span>\n\t\t\t\t<span class=\"elementor-headline-dynamic-wrapper elementor-headline-text-wrapper\">\n\t\t\t\t\t<span class=\"elementor-headline-dynamic-text elementor-headline-text-active\">la langue<\/span>\n\t\t\t\t<\/span>\n\t\t\t\t\t<span class=\"elementor-headline-plain-text elementor-headline-text-wrapper\">des affiches<\/span>\n\t\t\t\t\t<\/h3>\n\t\t\t\t\t\t<\/div>\n\t\t\t\t<\/div>\n\t\t\t\t<div class=\"elementor-element elementor-element-121328b elementor-align-justify language-select-button elementor-widget elementor-widget-button\" data-id=\"121328b\" data-element_type=\"widget\" data-e-type=\"widget\" data-widget_type=\"button.default\">\n\t\t\t\t<div class=\"elementor-widget-container\">\n\t\t\t\t\t\t\t\t\t<div class=\"elementor-button-wrapper\">\n\t\t\t\t\t<a class=\"elementor-button elementor-button-link elementor-size-lg\" href=\"\/fr\/affiches\/affiches-en-francais\/\">\n\t\t\t\t\t\t<span class=\"elementor-button-content-wrapper\">\n\t\t\t\t\t\t\t\t\t<span class=\"elementor-button-text\">FRAN\u00c7AIS<\/span>\n\t\t\t\t\t<\/span>\n\t\t\t\t\t<\/a>\n\t\t\t\t<\/div>\n\t\t\t\t\t\t\t\t<\/div>\n\t\t\t\t<\/div>\n\t\t\t\t<div class=\"elementor-element elementor-element-24fb7dfc elementor-align-justify language-select-button elementor-widget elementor-widget-button\" data-id=\"24fb7dfc\" data-element_type=\"widget\" data-e-type=\"widget\" data-widget_type=\"button.default\">\n\t\t\t\t<div class=\"elementor-widget-container\">\n\t\t\t\t\t\t\t\t\t<div class=\"elementor-button-wrapper\">\n\t\t\t\t\t<a class=\"elementor-button elementor-button-link elementor-size-lg\" href=\"\/fr\/affiches\/affiches-en-arabe\/\">\n\t\t\t\t\t\t<span class=\"elementor-button-content-wrapper\">\n\t\t\t\t\t\t\t\t\t<span class=\"elementor-button-text\">ARABE<\/span>\n\t\t\t\t\t<\/span>\n\t\t\t\t\t<\/a>\n\t\t\t\t<\/div>\n\t\t\t\t\t\t\t\t<\/div>\n\t\t\t\t<\/div>\n\t\t\t\t<div class=\"elementor-element elementor-element-d7553dd elementor-align-justify language-select-button elementor-widget elementor-widget-button\" data-id=\"d7553dd\" data-element_type=\"widget\" data-e-type=\"widget\" data-widget_type=\"button.default\">\n\t\t\t\t<div class=\"elementor-widget-container\">\n\t\t\t\t\t\t\t\t\t<div class=\"elementor-button-wrapper\">\n\t\t\t\t\t<a class=\"elementor-button elementor-button-link elementor-size-lg\" href=\"\/fr\/affiches\/affiches-en-chinois-simplifie\">\n\t\t\t\t\t\t<span class=\"elementor-button-content-wrapper\">\n\t\t\t\t\t\t\t\t\t<span class=\"elementor-button-text\">CHINOIS SIMPLIFI\u00c9<\/span>\n\t\t\t\t\t<\/span>\n\t\t\t\t\t<\/a>\n\t\t\t\t<\/div>\n\t\t\t\t\t\t\t\t<\/div>\n\t\t\t\t<\/div>\n\t\t\t\t<div class=\"elementor-element elementor-element-b02c4e9 elementor-align-justify language-select-button elementor-widget elementor-widget-button\" data-id=\"b02c4e9\" data-element_type=\"widget\" data-e-type=\"widget\" data-widget_type=\"button.default\">\n\t\t\t\t<div class=\"elementor-widget-container\">\n\t\t\t\t\t\t\t\t\t<div class=\"elementor-button-wrapper\">\n\t\t\t\t\t<a class=\"elementor-button elementor-button-link elementor-size-lg\" href=\"\/fr\/affiches\/affiches-en-cri-des-plaines\/\">\n\t\t\t\t\t\t<span class=\"elementor-button-content-wrapper\">\n\t\t\t\t\t\t\t\t\t<span class=\"elementor-button-text\">CRI DES PLAINES<\/span>\n\t\t\t\t\t<\/span>\n\t\t\t\t\t<\/a>\n\t\t\t\t<\/div>\n\t\t\t\t\t\t\t\t<\/div>\n\t\t\t\t<\/div>\n\t\t\t\t<div class=\"elementor-element elementor-element-b2483d5 elementor-align-justify language-select-button elementor-widget elementor-widget-button\" data-id=\"b2483d5\" data-element_type=\"widget\" data-e-type=\"widget\" data-widget_type=\"button.default\">\n\t\t\t\t<div class=\"elementor-widget-container\">\n\t\t\t\t\t\t\t\t\t<div class=\"elementor-button-wrapper\">\n\t\t\t\t\t<a class=\"elementor-button elementor-button-link elementor-size-lg\" href=\"\/fr\/affiches\/affiches-en-espagnol\/\">\n\t\t\t\t\t\t<span class=\"elementor-button-content-wrapper\">\n\t\t\t\t\t\t\t\t\t<span class=\"elementor-button-text\">ESPAGNOL<\/span>\n\t\t\t\t\t<\/span>\n\t\t\t\t\t<\/a>\n\t\t\t\t<\/div>\n\t\t\t\t\t\t\t\t<\/div>\n\t\t\t\t<\/div>\n\t\t\t\t<div class=\"elementor-element elementor-element-3a5d039b elementor-align-justify language-select-button elementor-widget elementor-widget-button\" data-id=\"3a5d039b\" data-element_type=\"widget\" data-e-type=\"widget\" data-widget_type=\"button.default\">\n\t\t\t\t<div class=\"elementor-widget-container\">\n\t\t\t\t\t\t\t\t\t<div class=\"elementor-button-wrapper\">\n\t\t\t\t\t<a class=\"elementor-button elementor-button-link elementor-size-lg\" href=\"\/fr\/affiches\/affiches-en-inuktitut\/\">\n\t\t\t\t\t\t<span class=\"elementor-button-content-wrapper\">\n\t\t\t\t\t\t\t\t\t<span class=\"elementor-button-text\">INUKTITUT<\/span>\n\t\t\t\t\t<\/span>\n\t\t\t\t\t<\/a>\n\t\t\t\t<\/div>\n\t\t\t\t\t\t\t\t<\/div>\n\t\t\t\t<\/div>\n\t\t\t\t<div class=\"elementor-element elementor-element-c3f7e85 elementor-align-justify language-select-button elementor-widget elementor-widget-button\" data-id=\"c3f7e85\" data-element_type=\"widget\" data-e-type=\"widget\" data-widget_type=\"button.default\">\n\t\t\t\t<div class=\"elementor-widget-container\">\n\t\t\t\t\t\t\t\t\t<div class=\"elementor-button-wrapper\">\n\t\t\t\t\t<a class=\"elementor-button elementor-button-link elementor-size-lg\" href=\"\/fr\/affiches\/affiches-en-mikmaq\/\">\n\t\t\t\t\t\t<span class=\"elementor-button-content-wrapper\">\n\t\t\t\t\t\t\t\t\t<span class=\"elementor-button-text\">MI'KMAQ<\/span>\n\t\t\t\t\t<\/span>\n\t\t\t\t\t<\/a>\n\t\t\t\t<\/div>\n\t\t\t\t\t\t\t\t<\/div>\n\t\t\t\t<\/div>\n\t\t\t\t<div class=\"elementor-element elementor-element-71b3f4f elementor-align-justify language-select-button elementor-widget elementor-widget-button\" data-id=\"71b3f4f\" data-element_type=\"widget\" data-e-type=\"widget\" data-widget_type=\"button.default\">\n\t\t\t\t<div class=\"elementor-widget-container\">\n\t\t\t\t\t\t\t\t\t<div class=\"elementor-button-wrapper\">\n\t\t\t\t\t<a class=\"elementor-button elementor-button-link elementor-size-lg\" href=\"\/fr\/affiches\/affiches-en-ojibwe\/\">\n\t\t\t\t\t\t<span class=\"elementor-button-content-wrapper\">\n\t\t\t\t\t\t\t\t\t<span class=\"elementor-button-text\">OJIBW\u00c9<\/span>\n\t\t\t\t\t<\/span>\n\t\t\t\t\t<\/a>\n\t\t\t\t<\/div>\n\t\t\t\t\t\t\t\t<\/div>\n\t\t\t\t<\/div>\n\t\t\t\t<div class=\"elementor-element elementor-element-6e38d617 elementor-align-justify language-select-button elementor-widget elementor-widget-button\" data-id=\"6e38d617\" data-element_type=\"widget\" data-e-type=\"widget\" data-widget_type=\"button.default\">\n\t\t\t\t<div class=\"elementor-widget-container\">\n\t\t\t\t\t\t\t\t\t<div class=\"elementor-button-wrapper\">\n\t\t\t\t\t<a class=\"elementor-button elementor-button-link elementor-size-lg\" href=\"\/fr\/affiches\/affiches-en-ourdou\/\">\n\t\t\t\t\t\t<span class=\"elementor-button-content-wrapper\">\n\t\t\t\t\t\t\t\t\t<span class=\"elementor-button-text\">OURDOU<\/span>\n\t\t\t\t\t<\/span>\n\t\t\t\t\t<\/a>\n\t\t\t\t<\/div>\n\t\t\t\t\t\t\t\t<\/div>\n\t\t\t\t<\/div>\n\t\t\t\t<div class=\"elementor-element elementor-element-462be48e elementor-align-justify language-select-button elementor-widget elementor-widget-button\" data-id=\"462be48e\" data-element_type=\"widget\" data-e-type=\"widget\" data-widget_type=\"button.default\">\n\t\t\t\t<div class=\"elementor-widget-container\">\n\t\t\t\t\t\t\t\t\t<div class=\"elementor-button-wrapper\">\n\t\t\t\t\t<a class=\"elementor-button elementor-button-link elementor-size-lg\" href=\"\/fr\/affiches\/affiches-en-persan\/\">\n\t\t\t\t\t\t<span class=\"elementor-button-content-wrapper\">\n\t\t\t\t\t\t\t\t\t<span class=\"elementor-button-text\">PERSAN<\/span>\n\t\t\t\t\t<\/span>\n\t\t\t\t\t<\/a>\n\t\t\t\t<\/div>\n\t\t\t\t\t\t\t\t<\/div>\n\t\t\t\t<\/div>\n\t\t\t\t<div class=\"elementor-element elementor-element-c5d2eb4 elementor-align-justify language-select-button elementor-widget elementor-widget-button\" data-id=\"c5d2eb4\" data-element_type=\"widget\" data-e-type=\"widget\" data-widget_type=\"button.default\">\n\t\t\t\t<div class=\"elementor-widget-container\">\n\t\t\t\t\t\t\t\t\t<div class=\"elementor-button-wrapper\">\n\t\t\t\t\t<a class=\"elementor-button elementor-button-link elementor-size-lg\" href=\"\/fr\/affiches\/affiches-en-tagal\/\">\n\t\t\t\t\t\t<span class=\"elementor-button-content-wrapper\">\n\t\t\t\t\t\t\t\t\t<span class=\"elementor-button-text\">TAGAL<\/span>\n\t\t\t\t\t<\/span>\n\t\t\t\t\t<\/a>\n\t\t\t\t<\/div>\n\t\t\t\t\t\t\t\t<\/div>\n\t\t\t\t<\/div>\n\t\t\t\t\t<\/div>\n\t\t<\/div>\n\t\t\t\t\t<\/div>\n\t\t<\/section>\n\t\t\t\t<\/div>\n\t\t","protected":false},"excerpt":{"rendered":"<p>Choisissez la langue des affiches FRAN\u00c7AIS ARABE CHINOIS SIMPLIFI\u00c9 CRI DES PLAINES ESPAGNOL INUKTITUT MI&rsquo;KMAQ OJIBW\u00c9 OURDOU PERSAN TAGAL<\/p>\n","protected":false},"author":1,"featured_media":0,"parent":0,"menu_order":0,"comment_status":"closed","ping_status":"closed","template":"","meta":{"footnotes":""},"class_list":["post-3957","page","type-page","status-publish","hentry"],"yoast_head":"<!-- This site is optimized with the Yoast SEO plugin v27.0 - https:\/\/yoast.com\/product\/yoast-seo-wordpress\/ -->\n<title>Affiches - JeuActif.ca pour les \u00e9ducateurs et \u00e9ducatrices de la petite enfance (EPE)<\/title>\n<meta name=\"description\" content=\"Des affiches sur le jeu actif sont disponibles en dix langues, ce qui vous permet de communiquer facilement les bienfaits du jeu actif aupr\u00e8s de votre communaut\u00e9.\" \/>\n<meta name=\"robots\" content=\"index, follow, max-snippet:-1, max-image-preview:large, max-video-preview:-1\" \/>\n<link rel=\"canonical\" href=\"https:\/\/activeplay.ca\/fr\/affiches\/\" \/>\n<meta property=\"og:locale\" content=\"fr_FR\" \/>\n<meta property=\"og:type\" content=\"article\" \/>\n<meta property=\"og:title\" content=\"Affiches - JeuActif.ca pour les \u00e9ducateurs et \u00e9ducatrices de la petite enfance (EPE)\" \/>\n<meta property=\"og:description\" content=\"Des affiches sur le jeu actif sont disponibles en dix langues, ce qui vous permet de communiquer facilement les bienfaits du jeu actif aupr\u00e8s de votre communaut\u00e9.\" \/>\n<meta property=\"og:url\" content=\"https:\/\/activeplay.ca\/fr\/affiches\/\" \/>\n<meta property=\"og:site_name\" content=\"JeuActif.ca pour les \u00e9ducateurs et \u00e9ducatrices de la petite enfance (EPE)\" \/>\n<meta property=\"article:publisher\" content=\"https:\/\/www.facebook.com\/activeplay.ca\" \/>\n<meta property=\"article:modified_time\" content=\"2024-03-30T02:03:45+00:00\" \/>\n<meta property=\"og:image\" content=\"https:\/\/activeplay.ca\/wp-content\/uploads\/2023\/09\/poster-icon.png\" \/>\n\t<meta property=\"og:image:width\" content=\"1200\" \/>\n\t<meta property=\"og:image:height\" content=\"630\" \/>\n\t<meta property=\"og:image:type\" content=\"image\/png\" \/>\n<meta name=\"twitter:card\" content=\"summary_large_image\" \/>\n<meta name=\"twitter:title\" content=\"Affiches - JeuActif.ca pour les \u00e9ducateurs et \u00e9ducatrices de la petite enfance (EPE)\" \/>\n<meta name=\"twitter:image\" content=\"https:\/\/activeplay.ca\/wp-content\/uploads\/2023\/09\/poster-icon.png\" \/>\n<meta name=\"twitter:label1\" content=\"Dur\u00e9e de lecture estim\u00e9e\" \/>\n\t<meta name=\"twitter:data1\" content=\"1 minute\" \/>\n<script type=\"application\/ld+json\" class=\"yoast-schema-graph\">{\"@context\":\"https:\/\/schema.org\",\"@graph\":[{\"@type\":[\"WebPage\",\"CollectionPage\"],\"@id\":\"https:\/\/activeplay.ca\/fr\/affiches\/\",\"url\":\"https:\/\/activeplay.ca\/fr\/affiches\/\",\"name\":\"Affiches - JeuActif.ca pour les \u00e9ducateurs et \u00e9ducatrices de la petite enfance (EPE)\",\"isPartOf\":{\"@id\":\"https:\/\/activeplay.ca\/fr\/#website\"},\"datePublished\":\"2022-11-09T20:35:21+00:00\",\"dateModified\":\"2024-03-30T02:03:45+00:00\",\"description\":\"Des affiches sur le jeu actif sont disponibles en dix langues, ce qui vous permet de communiquer facilement les bienfaits du jeu actif aupr\u00e8s de votre communaut\u00e9.\",\"breadcrumb\":{\"@id\":\"https:\/\/activeplay.ca\/fr\/affiches\/#breadcrumb\"},\"inLanguage\":\"fr-FR\"},{\"@type\":\"BreadcrumbList\",\"@id\":\"https:\/\/activeplay.ca\/fr\/affiches\/#breadcrumb\",\"itemListElement\":[{\"@type\":\"ListItem\",\"position\":1,\"name\":\"Home\",\"item\":\"https:\/\/activeplay.ca\/fr\/\"},{\"@type\":\"ListItem\",\"position\":2,\"name\":\"Affiches\"}]},{\"@type\":\"WebSite\",\"@id\":\"https:\/\/activeplay.ca\/fr\/#website\",\"url\":\"https:\/\/activeplay.ca\/fr\/\",\"name\":\"JeuActif.ca pour les \u00e9ducateurs et \u00e9ducatrices de la petite enfance (EPE)\",\"description\":\"Les enfants ont besoin de jeux actifs dans les premi\u00e8res ann\u00e9es\",\"publisher\":{\"@id\":\"https:\/\/activeplay.ca\/fr\/#organization\"},\"potentialAction\":[{\"@type\":\"SearchAction\",\"target\":{\"@type\":\"EntryPoint\",\"urlTemplate\":\"https:\/\/activeplay.ca\/fr\/?s={search_term_string}\"},\"query-input\":{\"@type\":\"PropertyValueSpecification\",\"valueRequired\":true,\"valueName\":\"search_term_string\"}}],\"inLanguage\":\"fr-FR\"},{\"@type\":\"Organization\",\"@id\":\"https:\/\/activeplay.ca\/fr\/#organization\",\"name\":\"JeuActif.ca pour les \u00e9ducateurs et \u00e9ducatrices de la petite enfance (EPE)\",\"url\":\"https:\/\/activeplay.ca\/fr\/\",\"logo\":{\"@type\":\"ImageObject\",\"inLanguage\":\"fr-FR\",\"@id\":\"https:\/\/activeplay.ca\/fr\/#\/schema\/logo\/image\/\",\"url\":\"https:\/\/activeplay.ca\/wp-content\/uploads\/2023\/01\/jeu-actif-ca-logo.png\",\"contentUrl\":\"https:\/\/activeplay.ca\/wp-content\/uploads\/2023\/01\/jeu-actif-ca-logo.png\",\"width\":1000,\"height\":287,\"caption\":\"JeuActif.ca pour les \u00e9ducateurs et \u00e9ducatrices de la petite enfance (EPE)\"},\"image\":{\"@id\":\"https:\/\/activeplay.ca\/fr\/#\/schema\/logo\/image\/\"},\"sameAs\":[\"https:\/\/www.facebook.com\/activeplay.ca\",\"https:\/\/www.instagram.com\/activeplay.ca\/\"]}]}<\/script>\n<!-- \/ Yoast SEO plugin. -->","yoast_head_json":{"title":"Affiches - JeuActif.ca pour les \u00e9ducateurs et \u00e9ducatrices de la petite enfance (EPE)","description":"Des affiches sur le jeu actif sont disponibles en dix langues, ce qui vous permet de communiquer facilement les bienfaits du jeu actif aupr\u00e8s de votre communaut\u00e9.","robots":{"index":"index","follow":"follow","max-snippet":"max-snippet:-1","max-image-preview":"max-image-preview:large","max-video-preview":"max-video-preview:-1"},"canonical":"https:\/\/activeplay.ca\/fr\/affiches\/","og_locale":"fr_FR","og_type":"article","og_title":"Affiches - JeuActif.ca pour les \u00e9ducateurs et \u00e9ducatrices de la petite enfance (EPE)","og_description":"Des affiches sur le jeu actif sont disponibles en dix langues, ce qui vous permet de communiquer facilement les bienfaits du jeu actif aupr\u00e8s de votre communaut\u00e9.","og_url":"https:\/\/activeplay.ca\/fr\/affiches\/","og_site_name":"JeuActif.ca pour les \u00e9ducateurs et \u00e9ducatrices de la petite enfance (EPE)","article_publisher":"https:\/\/www.facebook.com\/activeplay.ca","article_modified_time":"2024-03-30T02:03:45+00:00","og_image":[{"width":1200,"height":630,"url":"https:\/\/activeplay.ca\/wp-content\/uploads\/2023\/09\/poster-icon.png","type":"image\/png"}],"twitter_card":"summary_large_image","twitter_title":"Affiches - JeuActif.ca pour les \u00e9ducateurs et \u00e9ducatrices de la petite enfance (EPE)","twitter_image":"https:\/\/activeplay.ca\/wp-content\/uploads\/2023\/09\/poster-icon.png","twitter_misc":{"Dur\u00e9e de lecture estim\u00e9e":"1 minute"},"schema":{"@context":"https:\/\/schema.org","@graph":[{"@type":["WebPage","CollectionPage"],"@id":"https:\/\/activeplay.ca\/fr\/affiches\/","url":"https:\/\/activeplay.ca\/fr\/affiches\/","name":"Affiches - JeuActif.ca pour les \u00e9ducateurs et \u00e9ducatrices de la petite enfance (EPE)","isPartOf":{"@id":"https:\/\/activeplay.ca\/fr\/#website"},"datePublished":"2022-11-09T20:35:21+00:00","dateModified":"2024-03-30T02:03:45+00:00","description":"Des affiches sur le jeu actif sont disponibles en dix langues, ce qui vous permet de communiquer facilement les bienfaits du jeu actif aupr\u00e8s de votre communaut\u00e9.","breadcrumb":{"@id":"https:\/\/activeplay.ca\/fr\/affiches\/#breadcrumb"},"inLanguage":"fr-FR"},{"@type":"BreadcrumbList","@id":"https:\/\/activeplay.ca\/fr\/affiches\/#breadcrumb","itemListElement":[{"@type":"ListItem","position":1,"name":"Home","item":"https:\/\/activeplay.ca\/fr\/"},{"@type":"ListItem","position":2,"name":"Affiches"}]},{"@type":"WebSite","@id":"https:\/\/activeplay.ca\/fr\/#website","url":"https:\/\/activeplay.ca\/fr\/","name":"JeuActif.ca pour les \u00e9ducateurs et \u00e9ducatrices de la petite enfance (EPE)","description":"Les enfants ont besoin de jeux actifs dans les premi\u00e8res ann\u00e9es","publisher":{"@id":"https:\/\/activeplay.ca\/fr\/#organization"},"potentialAction":[{"@type":"SearchAction","target":{"@type":"EntryPoint","urlTemplate":"https:\/\/activeplay.ca\/fr\/?s={search_term_string}"},"query-input":{"@type":"PropertyValueSpecification","valueRequired":true,"valueName":"search_term_string"}}],"inLanguage":"fr-FR"},{"@type":"Organization","@id":"https:\/\/activeplay.ca\/fr\/#organization","name":"JeuActif.ca pour les \u00e9ducateurs et \u00e9ducatrices de la petite enfance (EPE)","url":"https:\/\/activeplay.ca\/fr\/","logo":{"@type":"ImageObject","inLanguage":"fr-FR","@id":"https:\/\/activeplay.ca\/fr\/#\/schema\/logo\/image\/","url":"https:\/\/activeplay.ca\/wp-content\/uploads\/2023\/01\/jeu-actif-ca-logo.png","contentUrl":"https:\/\/activeplay.ca\/wp-content\/uploads\/2023\/01\/jeu-actif-ca-logo.png","width":1000,"height":287,"caption":"JeuActif.ca pour les \u00e9ducateurs et \u00e9ducatrices de la petite enfance (EPE)"},"image":{"@id":"https:\/\/activeplay.ca\/fr\/#\/schema\/logo\/image\/"},"sameAs":["https:\/\/www.facebook.com\/activeplay.ca","https:\/\/www.instagram.com\/activeplay.ca\/"]}]}},"_links":{"self":[{"href":"https:\/\/activeplay.ca\/fr\/wp-json\/wp\/v2\/pages\/3957","targetHints":{"allow":["GET"]}}],"collection":[{"href":"https:\/\/activeplay.ca\/fr\/wp-json\/wp\/v2\/pages"}],"about":[{"href":"https:\/\/activeplay.ca\/fr\/wp-json\/wp\/v2\/types\/page"}],"author":[{"embeddable":true,"href":"https:\/\/activeplay.ca\/fr\/wp-json\/wp\/v2\/users\/1"}],"replies":[{"embeddable":true,"href":"https:\/\/activeplay.ca\/fr\/wp-json\/wp\/v2\/comments?post=3957"}],"version-history":[{"count":5,"href":"https:\/\/activeplay.ca\/fr\/wp-json\/wp\/v2\/pages\/3957\/revisions"}],"predecessor-version":[{"id":9158,"href":"https:\/\/activeplay.ca\/fr\/wp-json\/wp\/v2\/pages\/3957\/revisions\/9158"}],"wp:attachment":[{"href":"https:\/\/activeplay.ca\/fr\/wp-json\/wp\/v2\/media?parent=3957"}],"curies":[{"name":"wp","href":"https:\/\/api.w.org\/{rel}","templated":true}]}}