{"id":1083,"date":"2022-10-03T22:08:44","date_gmt":"2022-10-03T22:08:44","guid":{"rendered":"https:\/\/activeplay.ca\/videos\/"},"modified":"2024-03-30T01:57:04","modified_gmt":"2024-03-30T01:57:04","slug":"videos","status":"publish","type":"page","link":"https:\/\/activeplay.ca\/fr\/videos\/","title":{"rendered":"Vid\u00e9os"},"content":{"rendered":"\t\t<div data-elementor-type=\"wp-page\" data-elementor-id=\"1083\" class=\"elementor elementor-1083 elementor-47\" data-elementor-post-type=\"page\">\n\t\t\t\t\t\t<section class=\"elementor-section elementor-top-section elementor-element elementor-element-4a289074 elementor-section-height-min-height elementor-section-stretched cover elementor-section-items-top elementor-section-boxed elementor-section-height-default\" data-id=\"4a289074\" data-element_type=\"section\" data-e-type=\"section\" data-settings=\"{&quot;background_background&quot;:&quot;gradient&quot;,&quot;shape_divider_bottom&quot;:&quot;mountains&quot;,&quot;stretch_section&quot;:&quot;section-stretched&quot;}\">\n\t\t\t\t\t<div class=\"elementor-shape elementor-shape-bottom\" aria-hidden=\"true\" data-negative=\"false\">\n\t\t\t<svg xmlns=\"http:\/\/www.w3.org\/2000\/svg\" viewBox=\"0 0 1000 100\" preserveAspectRatio=\"none\">\n\t<path class=\"elementor-shape-fill\" opacity=\"0.33\" d=\"M473,67.3c-203.9,88.3-263.1-34-320.3,0C66,119.1,0,59.7,0,59.7V0h1000v59.7 c0,0-62.1,26.1-94.9,29.3c-32.8,3.3-62.8-12.3-75.8-22.1C806,49.6,745.3,8.7,694.9,4.7S492.4,59,473,67.3z\"\/>\n\t<path class=\"elementor-shape-fill\" opacity=\"0.66\" d=\"M734,67.3c-45.5,0-77.2-23.2-129.1-39.1c-28.6-8.7-150.3-10.1-254,39.1 s-91.7-34.4-149.2,0C115.7,118.3,0,39.8,0,39.8V0h1000v36.5c0,0-28.2-18.5-92.1-18.5C810.2,18.1,775.7,67.3,734,67.3z\"\/>\n\t<path class=\"elementor-shape-fill\" d=\"M766.1,28.9c-200-57.5-266,65.5-395.1,19.5C242,1.8,242,5.4,184.8,20.6C128,35.8,132.3,44.9,89.9,52.5C28.6,63.7,0,0,0,0 h1000c0,0-9.9,40.9-83.6,48.1S829.6,47,766.1,28.9z\"\/>\n<\/svg>\t\t<\/div>\n\t\t\t\t\t<div class=\"elementor-container elementor-column-gap-default\">\n\t\t\t\t\t<div class=\"elementor-column elementor-col-100 elementor-top-column elementor-element elementor-element-c940eea\" data-id=\"c940eea\" data-element_type=\"column\" data-e-type=\"column\">\n\t\t\t<div class=\"elementor-widget-wrap elementor-element-populated\">\n\t\t\t\t\t\t<div class=\"elementor-element elementor-element-582fb9c elementor-headline--style-highlight elementor-widget elementor-widget-animated-headline\" data-id=\"582fb9c\" data-element_type=\"widget\" data-e-type=\"widget\" data-settings=\"{&quot;highlighted_text&quot;:&quot;langue&quot;,&quot;headline_style&quot;:&quot;highlight&quot;,&quot;marker&quot;:&quot;circle&quot;,&quot;loop&quot;:&quot;yes&quot;,&quot;highlight_animation_duration&quot;:1200,&quot;highlight_iteration_delay&quot;:8000}\" data-widget_type=\"animated-headline.default\">\n\t\t\t\t<div class=\"elementor-widget-container\">\n\t\t\t\t\t\t\t<h3 class=\"elementor-headline\">\n\t\t\t\t\t<span class=\"elementor-headline-plain-text elementor-headline-text-wrapper\">Choisissez la<\/span>\n\t\t\t\t<span class=\"elementor-headline-dynamic-wrapper elementor-headline-text-wrapper\">\n\t\t\t\t\t<span class=\"elementor-headline-dynamic-text elementor-headline-text-active\">langue<\/span>\n\t\t\t\t<\/span>\n\t\t\t\t\t<span class=\"elementor-headline-plain-text elementor-headline-text-wrapper\">des sous-titres<\/span>\n\t\t\t\t\t<\/h3>\n\t\t\t\t\t\t<\/div>\n\t\t\t\t<\/div>\n\t\t\t\t<div class=\"elementor-element elementor-element-38ae2a2 elementor-align-justify language-select-button elementor-widget elementor-widget-button\" data-id=\"38ae2a2\" data-element_type=\"widget\" data-e-type=\"widget\" data-widget_type=\"button.default\">\n\t\t\t\t<div class=\"elementor-widget-container\">\n\t\t\t\t\t\t\t\t\t<div class=\"elementor-button-wrapper\">\n\t\t\t\t\t<a class=\"elementor-button elementor-button-link elementor-size-lg\" href=\"\/fr\/videos\/videos-en-francais\/\">\n\t\t\t\t\t\t<span class=\"elementor-button-content-wrapper\">\n\t\t\t\t\t\t\t\t\t<span class=\"elementor-button-text\">FRAN\u00c7AIS<\/span>\n\t\t\t\t\t<\/span>\n\t\t\t\t\t<\/a>\n\t\t\t\t<\/div>\n\t\t\t\t\t\t\t\t<\/div>\n\t\t\t\t<\/div>\n\t\t\t\t<div class=\"elementor-element elementor-element-52d8e18 elementor-align-justify language-select-button elementor-widget elementor-widget-button\" data-id=\"52d8e18\" data-element_type=\"widget\" data-e-type=\"widget\" data-widget_type=\"button.default\">\n\t\t\t\t<div class=\"elementor-widget-container\">\n\t\t\t\t\t\t\t\t\t<div class=\"elementor-button-wrapper\">\n\t\t\t\t\t<a class=\"elementor-button elementor-button-link elementor-size-lg\" href=\"\/fr\/videos\/videos-en-arabe\/\">\n\t\t\t\t\t\t<span class=\"elementor-button-content-wrapper\">\n\t\t\t\t\t\t\t\t\t<span class=\"elementor-button-text\">ARABE<\/span>\n\t\t\t\t\t<\/span>\n\t\t\t\t\t<\/a>\n\t\t\t\t<\/div>\n\t\t\t\t\t\t\t\t<\/div>\n\t\t\t\t<\/div>\n\t\t\t\t<div class=\"elementor-element elementor-element-3a87606 elementor-align-justify language-select-button elementor-widget elementor-widget-button\" data-id=\"3a87606\" data-element_type=\"widget\" data-e-type=\"widget\" data-widget_type=\"button.default\">\n\t\t\t\t<div class=\"elementor-widget-container\">\n\t\t\t\t\t\t\t\t\t<div class=\"elementor-button-wrapper\">\n\t\t\t\t\t<a class=\"elementor-button elementor-button-link elementor-size-lg\" href=\"\/fr\/videos\/videos-en-chinois-simplifie\/\">\n\t\t\t\t\t\t<span class=\"elementor-button-content-wrapper\">\n\t\t\t\t\t\t\t\t\t<span class=\"elementor-button-text\">CHINOIS SIMPLIFI\u00c9<\/span>\n\t\t\t\t\t<\/span>\n\t\t\t\t\t<\/a>\n\t\t\t\t<\/div>\n\t\t\t\t\t\t\t\t<\/div>\n\t\t\t\t<\/div>\n\t\t\t\t<div class=\"elementor-element elementor-element-9b00c0c elementor-align-justify language-select-button elementor-widget elementor-widget-button\" data-id=\"9b00c0c\" data-element_type=\"widget\" data-e-type=\"widget\" data-widget_type=\"button.default\">\n\t\t\t\t<div class=\"elementor-widget-container\">\n\t\t\t\t\t\t\t\t\t<div class=\"elementor-button-wrapper\">\n\t\t\t\t\t<a class=\"elementor-button elementor-button-link elementor-size-lg\" href=\"\/fr\/videos\/videos-en-cri-des-plaines\/\">\n\t\t\t\t\t\t<span class=\"elementor-button-content-wrapper\">\n\t\t\t\t\t\t\t\t\t<span class=\"elementor-button-text\">CRI DES PLAINES<\/span>\n\t\t\t\t\t<\/span>\n\t\t\t\t\t<\/a>\n\t\t\t\t<\/div>\n\t\t\t\t\t\t\t\t<\/div>\n\t\t\t\t<\/div>\n\t\t\t\t<div class=\"elementor-element elementor-element-a8ee4dd elementor-align-justify language-select-button elementor-widget elementor-widget-button\" data-id=\"a8ee4dd\" data-element_type=\"widget\" data-e-type=\"widget\" data-widget_type=\"button.default\">\n\t\t\t\t<div class=\"elementor-widget-container\">\n\t\t\t\t\t\t\t\t\t<div class=\"elementor-button-wrapper\">\n\t\t\t\t\t<a class=\"elementor-button elementor-button-link elementor-size-lg\" href=\"\/fr\/videos\/videos-en-espagnol\/\">\n\t\t\t\t\t\t<span class=\"elementor-button-content-wrapper\">\n\t\t\t\t\t\t\t\t\t<span class=\"elementor-button-text\">ESPAGNOL<\/span>\n\t\t\t\t\t<\/span>\n\t\t\t\t\t<\/a>\n\t\t\t\t<\/div>\n\t\t\t\t\t\t\t\t<\/div>\n\t\t\t\t<\/div>\n\t\t\t\t<div class=\"elementor-element elementor-element-bd675fe elementor-align-justify language-select-button elementor-widget elementor-widget-button\" data-id=\"bd675fe\" data-element_type=\"widget\" data-e-type=\"widget\" data-widget_type=\"button.default\">\n\t\t\t\t<div class=\"elementor-widget-container\">\n\t\t\t\t\t\t\t\t\t<div class=\"elementor-button-wrapper\">\n\t\t\t\t\t<a class=\"elementor-button elementor-button-link elementor-size-lg\" href=\"\/fr\/videos\/videos-en-inuktitut\/\">\n\t\t\t\t\t\t<span class=\"elementor-button-content-wrapper\">\n\t\t\t\t\t\t\t\t\t<span class=\"elementor-button-text\">INUKTITUT<\/span>\n\t\t\t\t\t<\/span>\n\t\t\t\t\t<\/a>\n\t\t\t\t<\/div>\n\t\t\t\t\t\t\t\t<\/div>\n\t\t\t\t<\/div>\n\t\t\t\t<div class=\"elementor-element elementor-element-eb07996 elementor-align-justify language-select-button elementor-widget elementor-widget-button\" data-id=\"eb07996\" data-element_type=\"widget\" data-e-type=\"widget\" data-widget_type=\"button.default\">\n\t\t\t\t<div class=\"elementor-widget-container\">\n\t\t\t\t\t\t\t\t\t<div class=\"elementor-button-wrapper\">\n\t\t\t\t\t<a class=\"elementor-button elementor-button-link elementor-size-lg\" href=\"\/fr\/videos\/videos-en-mikmaq\/\">\n\t\t\t\t\t\t<span class=\"elementor-button-content-wrapper\">\n\t\t\t\t\t\t\t\t\t<span class=\"elementor-button-text\">MI'KMAQ<\/span>\n\t\t\t\t\t<\/span>\n\t\t\t\t\t<\/a>\n\t\t\t\t<\/div>\n\t\t\t\t\t\t\t\t<\/div>\n\t\t\t\t<\/div>\n\t\t\t\t<div class=\"elementor-element elementor-element-e5fd6cd elementor-align-justify language-select-button elementor-widget elementor-widget-button\" data-id=\"e5fd6cd\" data-element_type=\"widget\" data-e-type=\"widget\" data-widget_type=\"button.default\">\n\t\t\t\t<div class=\"elementor-widget-container\">\n\t\t\t\t\t\t\t\t\t<div class=\"elementor-button-wrapper\">\n\t\t\t\t\t<a class=\"elementor-button elementor-button-link elementor-size-lg\" href=\"\/fr\/videos\/videos-en-ojibwe\/\">\n\t\t\t\t\t\t<span class=\"elementor-button-content-wrapper\">\n\t\t\t\t\t\t\t\t\t<span class=\"elementor-button-text\">OJIBW\u00c9<\/span>\n\t\t\t\t\t<\/span>\n\t\t\t\t\t<\/a>\n\t\t\t\t<\/div>\n\t\t\t\t\t\t\t\t<\/div>\n\t\t\t\t<\/div>\n\t\t\t\t<div class=\"elementor-element elementor-element-a93f28f elementor-align-justify language-select-button elementor-widget elementor-widget-button\" data-id=\"a93f28f\" data-element_type=\"widget\" data-e-type=\"widget\" data-widget_type=\"button.default\">\n\t\t\t\t<div class=\"elementor-widget-container\">\n\t\t\t\t\t\t\t\t\t<div class=\"elementor-button-wrapper\">\n\t\t\t\t\t<a class=\"elementor-button elementor-button-link elementor-size-lg\" href=\"\/fr\/videos\/videos-en-ourdou\/\">\n\t\t\t\t\t\t<span class=\"elementor-button-content-wrapper\">\n\t\t\t\t\t\t\t\t\t<span class=\"elementor-button-text\">OURDOU<\/span>\n\t\t\t\t\t<\/span>\n\t\t\t\t\t<\/a>\n\t\t\t\t<\/div>\n\t\t\t\t\t\t\t\t<\/div>\n\t\t\t\t<\/div>\n\t\t\t\t<div class=\"elementor-element elementor-element-b4ca3b5 elementor-align-justify language-select-button elementor-widget elementor-widget-button\" data-id=\"b4ca3b5\" data-element_type=\"widget\" data-e-type=\"widget\" data-widget_type=\"button.default\">\n\t\t\t\t<div class=\"elementor-widget-container\">\n\t\t\t\t\t\t\t\t\t<div class=\"elementor-button-wrapper\">\n\t\t\t\t\t<a class=\"elementor-button elementor-button-link elementor-size-lg\" href=\"\/fr\/videos\/videos-en-persan\/\">\n\t\t\t\t\t\t<span class=\"elementor-button-content-wrapper\">\n\t\t\t\t\t\t\t\t\t<span class=\"elementor-button-text\">PERSAN<\/span>\n\t\t\t\t\t<\/span>\n\t\t\t\t\t<\/a>\n\t\t\t\t<\/div>\n\t\t\t\t\t\t\t\t<\/div>\n\t\t\t\t<\/div>\n\t\t\t\t<div class=\"elementor-element elementor-element-5c2952d elementor-align-justify language-select-button elementor-widget elementor-widget-button\" data-id=\"5c2952d\" data-element_type=\"widget\" data-e-type=\"widget\" data-widget_type=\"button.default\">\n\t\t\t\t<div class=\"elementor-widget-container\">\n\t\t\t\t\t\t\t\t\t<div class=\"elementor-button-wrapper\">\n\t\t\t\t\t<a class=\"elementor-button elementor-button-link elementor-size-lg\" href=\"\/fr\/videos\/videos-en-tagal\/\">\n\t\t\t\t\t\t<span class=\"elementor-button-content-wrapper\">\n\t\t\t\t\t\t\t\t\t<span class=\"elementor-button-text\">TAGAL<\/span>\n\t\t\t\t\t<\/span>\n\t\t\t\t\t<\/a>\n\t\t\t\t<\/div>\n\t\t\t\t\t\t\t\t<\/div>\n\t\t\t\t<\/div>\n\t\t\t\t\t<\/div>\n\t\t<\/div>\n\t\t\t\t\t<\/div>\n\t\t<\/section>\n\t\t\t\t<\/div>\n\t\t","protected":false},"excerpt":{"rendered":"<p>Choisissez la langue des sous-titres FRAN\u00c7AIS ARABE CHINOIS SIMPLIFI\u00c9 CRI DES PLAINES ESPAGNOL INUKTITUT MI&rsquo;KMAQ OJIBW\u00c9 OURDOU PERSAN TAGAL<\/p>\n","protected":false},"author":1,"featured_media":0,"parent":0,"menu_order":0,"comment_status":"closed","ping_status":"closed","template":"","meta":{"footnotes":""},"class_list":["post-1083","page","type-page","status-publish","hentry"],"yoast_head":"<!-- This site is optimized with the Yoast SEO plugin v27.0 - https:\/\/yoast.com\/product\/yoast-seo-wordpress\/ -->\n<title>Vid\u00e9os - JeuActif.ca pour les \u00e9ducateurs et \u00e9ducatrices de la petite enfance (EPE)<\/title>\n<meta name=\"description\" content=\"Les vid\u00e9os sont sous-titr\u00e9es en dix langues et montrent comment organiser et g\u00e9rer une vari\u00e9t\u00e9 d\u2019activit\u00e9s physiques et de milieux stimulants qui encouragent le mouvement chez les jeunes enfants.\" \/>\n<meta name=\"robots\" content=\"index, follow, max-snippet:-1, max-image-preview:large, max-video-preview:-1\" \/>\n<link rel=\"canonical\" href=\"https:\/\/activeplay.ca\/fr\/videos\/\" \/>\n<meta property=\"og:locale\" content=\"fr_FR\" \/>\n<meta property=\"og:type\" content=\"article\" \/>\n<meta property=\"og:title\" content=\"Vid\u00e9os - JeuActif.ca pour les \u00e9ducateurs et \u00e9ducatrices de la petite enfance (EPE)\" \/>\n<meta property=\"og:description\" content=\"Les vid\u00e9os sont sous-titr\u00e9es en dix langues et montrent comment organiser et g\u00e9rer une vari\u00e9t\u00e9 d\u2019activit\u00e9s physiques et de milieux stimulants qui encouragent le mouvement chez les jeunes enfants.\" \/>\n<meta property=\"og:url\" content=\"https:\/\/activeplay.ca\/fr\/videos\/\" \/>\n<meta property=\"og:site_name\" content=\"JeuActif.ca pour les \u00e9ducateurs et \u00e9ducatrices de la petite enfance (EPE)\" \/>\n<meta property=\"article:publisher\" content=\"https:\/\/www.facebook.com\/activeplay.ca\" \/>\n<meta property=\"article:modified_time\" content=\"2024-03-30T01:57:04+00:00\" \/>\n<meta property=\"og:image\" content=\"https:\/\/activeplay.ca\/wp-content\/uploads\/2023\/09\/Video-play-button.png\" \/>\n\t<meta property=\"og:image:width\" content=\"1200\" \/>\n\t<meta property=\"og:image:height\" content=\"630\" \/>\n\t<meta property=\"og:image:type\" content=\"image\/png\" \/>\n<meta name=\"twitter:card\" content=\"summary_large_image\" \/>\n<meta name=\"twitter:title\" content=\"Vid\u00e9os - JeuActif.ca pour les \u00e9ducateurs et \u00e9ducatrices de la petite enfance (EPE)\" \/>\n<meta name=\"twitter:description\" content=\"Les vid\u00e9os sont sous-titr\u00e9es en dix langues et montrent comment organiser et g\u00e9rer une vari\u00e9t\u00e9 d\u2019activit\u00e9s physiques et de milieux stimulants qui encouragent le mouvement chez les jeunes enfants.\" \/>\n<meta name=\"twitter:image\" content=\"https:\/\/activeplay.ca\/wp-content\/uploads\/2023\/09\/Video-play-button.png\" \/>\n<meta name=\"twitter:label1\" content=\"Dur\u00e9e de lecture estim\u00e9e\" \/>\n\t<meta name=\"twitter:data1\" content=\"1 minute\" \/>\n<script type=\"application\/ld+json\" class=\"yoast-schema-graph\">{\"@context\":\"https:\/\/schema.org\",\"@graph\":[{\"@type\":[\"WebPage\",\"CollectionPage\"],\"@id\":\"https:\/\/activeplay.ca\/fr\/videos\/\",\"url\":\"https:\/\/activeplay.ca\/fr\/videos\/\",\"name\":\"Vid\u00e9os - JeuActif.ca pour les \u00e9ducateurs et \u00e9ducatrices de la petite enfance (EPE)\",\"isPartOf\":{\"@id\":\"https:\/\/activeplay.ca\/fr\/#website\"},\"datePublished\":\"2022-10-03T22:08:44+00:00\",\"dateModified\":\"2024-03-30T01:57:04+00:00\",\"description\":\"Les vid\u00e9os sont sous-titr\u00e9es en dix langues et montrent comment organiser et g\u00e9rer une vari\u00e9t\u00e9 d\u2019activit\u00e9s physiques et de milieux stimulants qui encouragent le mouvement chez les jeunes enfants.\",\"breadcrumb\":{\"@id\":\"https:\/\/activeplay.ca\/fr\/videos\/#breadcrumb\"},\"inLanguage\":\"fr-FR\"},{\"@type\":\"BreadcrumbList\",\"@id\":\"https:\/\/activeplay.ca\/fr\/videos\/#breadcrumb\",\"itemListElement\":[{\"@type\":\"ListItem\",\"position\":1,\"name\":\"Home\",\"item\":\"https:\/\/activeplay.ca\/fr\/\"},{\"@type\":\"ListItem\",\"position\":2,\"name\":\"Vid\u00e9os\"}]},{\"@type\":\"WebSite\",\"@id\":\"https:\/\/activeplay.ca\/fr\/#website\",\"url\":\"https:\/\/activeplay.ca\/fr\/\",\"name\":\"JeuActif.ca pour les \u00e9ducateurs et \u00e9ducatrices de la petite enfance (EPE)\",\"description\":\"Les enfants ont besoin de jeux actifs dans les premi\u00e8res ann\u00e9es\",\"publisher\":{\"@id\":\"https:\/\/activeplay.ca\/fr\/#organization\"},\"potentialAction\":[{\"@type\":\"SearchAction\",\"target\":{\"@type\":\"EntryPoint\",\"urlTemplate\":\"https:\/\/activeplay.ca\/fr\/?s={search_term_string}\"},\"query-input\":{\"@type\":\"PropertyValueSpecification\",\"valueRequired\":true,\"valueName\":\"search_term_string\"}}],\"inLanguage\":\"fr-FR\"},{\"@type\":\"Organization\",\"@id\":\"https:\/\/activeplay.ca\/fr\/#organization\",\"name\":\"JeuActif.ca pour les \u00e9ducateurs et \u00e9ducatrices de la petite enfance (EPE)\",\"url\":\"https:\/\/activeplay.ca\/fr\/\",\"logo\":{\"@type\":\"ImageObject\",\"inLanguage\":\"fr-FR\",\"@id\":\"https:\/\/activeplay.ca\/fr\/#\/schema\/logo\/image\/\",\"url\":\"https:\/\/activeplay.ca\/wp-content\/uploads\/2023\/01\/jeu-actif-ca-logo.png\",\"contentUrl\":\"https:\/\/activeplay.ca\/wp-content\/uploads\/2023\/01\/jeu-actif-ca-logo.png\",\"width\":1000,\"height\":287,\"caption\":\"JeuActif.ca pour les \u00e9ducateurs et \u00e9ducatrices de la petite enfance (EPE)\"},\"image\":{\"@id\":\"https:\/\/activeplay.ca\/fr\/#\/schema\/logo\/image\/\"},\"sameAs\":[\"https:\/\/www.facebook.com\/activeplay.ca\",\"https:\/\/www.instagram.com\/activeplay.ca\/\"]}]}<\/script>\n<!-- \/ Yoast SEO plugin. -->","yoast_head_json":{"title":"Vid\u00e9os - JeuActif.ca pour les \u00e9ducateurs et \u00e9ducatrices de la petite enfance (EPE)","description":"Les vid\u00e9os sont sous-titr\u00e9es en dix langues et montrent comment organiser et g\u00e9rer une vari\u00e9t\u00e9 d\u2019activit\u00e9s physiques et de milieux stimulants qui encouragent le mouvement chez les jeunes enfants.","robots":{"index":"index","follow":"follow","max-snippet":"max-snippet:-1","max-image-preview":"max-image-preview:large","max-video-preview":"max-video-preview:-1"},"canonical":"https:\/\/activeplay.ca\/fr\/videos\/","og_locale":"fr_FR","og_type":"article","og_title":"Vid\u00e9os - JeuActif.ca pour les \u00e9ducateurs et \u00e9ducatrices de la petite enfance (EPE)","og_description":"Les vid\u00e9os sont sous-titr\u00e9es en dix langues et montrent comment organiser et g\u00e9rer une vari\u00e9t\u00e9 d\u2019activit\u00e9s physiques et de milieux stimulants qui encouragent le mouvement chez les jeunes enfants.","og_url":"https:\/\/activeplay.ca\/fr\/videos\/","og_site_name":"JeuActif.ca pour les \u00e9ducateurs et \u00e9ducatrices de la petite enfance (EPE)","article_publisher":"https:\/\/www.facebook.com\/activeplay.ca","article_modified_time":"2024-03-30T01:57:04+00:00","og_image":[{"width":1200,"height":630,"url":"https:\/\/activeplay.ca\/wp-content\/uploads\/2023\/09\/Video-play-button.png","type":"image\/png"}],"twitter_card":"summary_large_image","twitter_title":"Vid\u00e9os - JeuActif.ca pour les \u00e9ducateurs et \u00e9ducatrices de la petite enfance (EPE)","twitter_description":"Les vid\u00e9os sont sous-titr\u00e9es en dix langues et montrent comment organiser et g\u00e9rer une vari\u00e9t\u00e9 d\u2019activit\u00e9s physiques et de milieux stimulants qui encouragent le mouvement chez les jeunes enfants.","twitter_image":"https:\/\/activeplay.ca\/wp-content\/uploads\/2023\/09\/Video-play-button.png","twitter_misc":{"Dur\u00e9e de lecture estim\u00e9e":"1 minute"},"schema":{"@context":"https:\/\/schema.org","@graph":[{"@type":["WebPage","CollectionPage"],"@id":"https:\/\/activeplay.ca\/fr\/videos\/","url":"https:\/\/activeplay.ca\/fr\/videos\/","name":"Vid\u00e9os - JeuActif.ca pour les \u00e9ducateurs et \u00e9ducatrices de la petite enfance (EPE)","isPartOf":{"@id":"https:\/\/activeplay.ca\/fr\/#website"},"datePublished":"2022-10-03T22:08:44+00:00","dateModified":"2024-03-30T01:57:04+00:00","description":"Les vid\u00e9os sont sous-titr\u00e9es en dix langues et montrent comment organiser et g\u00e9rer une vari\u00e9t\u00e9 d\u2019activit\u00e9s physiques et de milieux stimulants qui encouragent le mouvement chez les jeunes enfants.","breadcrumb":{"@id":"https:\/\/activeplay.ca\/fr\/videos\/#breadcrumb"},"inLanguage":"fr-FR"},{"@type":"BreadcrumbList","@id":"https:\/\/activeplay.ca\/fr\/videos\/#breadcrumb","itemListElement":[{"@type":"ListItem","position":1,"name":"Home","item":"https:\/\/activeplay.ca\/fr\/"},{"@type":"ListItem","position":2,"name":"Vid\u00e9os"}]},{"@type":"WebSite","@id":"https:\/\/activeplay.ca\/fr\/#website","url":"https:\/\/activeplay.ca\/fr\/","name":"JeuActif.ca pour les \u00e9ducateurs et \u00e9ducatrices de la petite enfance (EPE)","description":"Les enfants ont besoin de jeux actifs dans les premi\u00e8res ann\u00e9es","publisher":{"@id":"https:\/\/activeplay.ca\/fr\/#organization"},"potentialAction":[{"@type":"SearchAction","target":{"@type":"EntryPoint","urlTemplate":"https:\/\/activeplay.ca\/fr\/?s={search_term_string}"},"query-input":{"@type":"PropertyValueSpecification","valueRequired":true,"valueName":"search_term_string"}}],"inLanguage":"fr-FR"},{"@type":"Organization","@id":"https:\/\/activeplay.ca\/fr\/#organization","name":"JeuActif.ca pour les \u00e9ducateurs et \u00e9ducatrices de la petite enfance (EPE)","url":"https:\/\/activeplay.ca\/fr\/","logo":{"@type":"ImageObject","inLanguage":"fr-FR","@id":"https:\/\/activeplay.ca\/fr\/#\/schema\/logo\/image\/","url":"https:\/\/activeplay.ca\/wp-content\/uploads\/2023\/01\/jeu-actif-ca-logo.png","contentUrl":"https:\/\/activeplay.ca\/wp-content\/uploads\/2023\/01\/jeu-actif-ca-logo.png","width":1000,"height":287,"caption":"JeuActif.ca pour les \u00e9ducateurs et \u00e9ducatrices de la petite enfance (EPE)"},"image":{"@id":"https:\/\/activeplay.ca\/fr\/#\/schema\/logo\/image\/"},"sameAs":["https:\/\/www.facebook.com\/activeplay.ca","https:\/\/www.instagram.com\/activeplay.ca\/"]}]}},"_links":{"self":[{"href":"https:\/\/activeplay.ca\/fr\/wp-json\/wp\/v2\/pages\/1083","targetHints":{"allow":["GET"]}}],"collection":[{"href":"https:\/\/activeplay.ca\/fr\/wp-json\/wp\/v2\/pages"}],"about":[{"href":"https:\/\/activeplay.ca\/fr\/wp-json\/wp\/v2\/types\/page"}],"author":[{"embeddable":true,"href":"https:\/\/activeplay.ca\/fr\/wp-json\/wp\/v2\/users\/1"}],"replies":[{"embeddable":true,"href":"https:\/\/activeplay.ca\/fr\/wp-json\/wp\/v2\/comments?post=1083"}],"version-history":[{"count":5,"href":"https:\/\/activeplay.ca\/fr\/wp-json\/wp\/v2\/pages\/1083\/revisions"}],"predecessor-version":[{"id":9141,"href":"https:\/\/activeplay.ca\/fr\/wp-json\/wp\/v2\/pages\/1083\/revisions\/9141"}],"wp:attachment":[{"href":"https:\/\/activeplay.ca\/fr\/wp-json\/wp\/v2\/media?parent=1083"}],"curies":[{"name":"wp","href":"https:\/\/api.w.org\/{rel}","templated":true}]}}